{"id":200,"date":"2025-08-17T16:31:06","date_gmt":"2025-08-17T14:31:06","guid":{"rendered":"https:\/\/kollektivdesgutenwillens.com\/?page_id=200"},"modified":"2025-08-20T16:13:25","modified_gmt":"2025-08-20T14:13:25","slug":"eidechsen","status":"publish","type":"page","link":"https:\/\/kollektivdesgutenwillens.com\/?page_id=200","title":{"rendered":"Eidechsen"},"content":{"rendered":"\t\t<div data-elementor-type=\"wp-page\" data-elementor-id=\"200\" class=\"elementor elementor-200\" data-elementor-post-type=\"page\">\n\t\t\t\t<div class=\"elementor-element elementor-element-4b305a1 e-flex e-con-boxed e-con e-parent\" data-id=\"4b305a1\" data-element_type=\"container\">\n\t\t\t\t\t<div class=\"e-con-inner\">\n\t\t<div class=\"elementor-element elementor-element-5a69581 e-con-full e-flex e-con e-child\" data-id=\"5a69581\" data-element_type=\"container\">\n\t\t<div class=\"elementor-element elementor-element-333af24 e-con-full e-flex e-con e-child\" data-id=\"333af24\" data-element_type=\"container\">\n\t\t\t\t<div class=\"elementor-element elementor-element-88f7edc elementor-widget elementor-widget-heading\" data-id=\"88f7edc\" data-element_type=\"widget\" data-widget_type=\"heading.default\">\n\t\t\t\t\t<h2 class=\"elementor-heading-title elementor-size-default\">Bei schlechtem Wetter bleiben Eidechsen Zuhause<br>\n2025<\/h2>\t\t\t\t<\/div>\n\t\t\t\t<div class=\"elementor-element elementor-element-c4cd64f elementor-widget__width-initial elementor-widget elementor-widget-heading\" data-id=\"c4cd64f\" data-element_type=\"widget\" data-widget_type=\"heading.default\">\n\t\t\t\t\t<h2 class=\"elementor-heading-title elementor-size-default\">Jede Mutter liebt ihr Kind. Oder? Was, wenn dieses Gef\u00fchl \u2013 das doch das nat\u00fcrlichste der Welt sein soll \u2013 sich einfach nicht einstellen will? Was bedeutet es, Mutterliebe nicht geben zu k\u00f6nnen \u2013 was, sie nicht zu bekommen? Der Mythos vom angeborenen Mutterinstinkt ist zwar l\u00e4ngst widerlegt, bleibt aber wirkm\u00e4chtig. Die Inszenierung BEI SCHLECHTWETTER BLEIBEN EIDECHSEN ZU HAUSE, welche auf dem gleichnamigen Roman von Nadine Kegele basiert, widmet sich dem Tabu der bekennenden Reue, ein Kind in die Welt gesetzt zu haben. Hauptfigur Nora stellt sich im Zwiegespr\u00e4ch mit sich selbst der Frage, welche gesellschaftlichen Normen und Dogmen sie gepr\u00e4gt haben. Und ob es ein Entrinnen aus dieser Vorstellungswelt gibt. Das St\u00fcck l\u00e4sst Gegenwart und Vergangenheit ineinanderflie\u00dfen, \u00fcberblendet Erinnerung und Wirklichkeit. Es geht um Gewalt und Aggression, die schon in der Kindheit eingepflanzt wurden. Und um den Wunsch nach Heilung.<\/h2>\t\t\t\t<\/div>\n\t\t\t\t<div class=\"elementor-element elementor-element-6fff124 elementor-widget elementor-widget-spacer\" data-id=\"6fff124\" data-element_type=\"widget\" data-widget_type=\"spacer.default\">\n\t\t\t\t\t\t\t<div class=\"elementor-spacer\">\n\t\t\t<div class=\"elementor-spacer-inner\"><\/div>\n\t\t<\/div>\n\t\t\t\t\t\t<\/div>\n\t\t\t\t<div class=\"elementor-element elementor-element-8b8f944 elementor-widget__width-initial elementor-widget elementor-widget-heading\" data-id=\"8b8f944\" data-element_type=\"widget\" data-widget_type=\"heading.default\">\n\t\t\t\t\t<h2 class=\"elementor-heading-title elementor-size-default\">Regie<br>\nMareike Fiege\n<br><br>\nSpiel<br>\nSarah Giese, Franziska Sommerfeld\n<br><br>\nB\u00fchne &amp; Video<br>Maximilian Wigger\n<br><br>\nKost\u00fcm &amp; Regieassistenz<br>\nLennart Aufenvenne\n<br><br>\nFotos<br>\nUte Friederike Schernau, Hanna Retz\n<br><br>\nVideodokumentation<br>\nMona Laureen Laser\n<br><br>\nAnk\u00fcndigungstext<br>\nPatrick Wildermann\n<br><br>\nRomanvorlage<br>\nNadine Kegele\n<br><br>\nRechte<br>\nThomas Sessler Verlag Wien\n<br><br>\nF\u00f6rderer<br>\nMinisterium f\u00fcr Kultur und Wissenschaft des Landes NRW, NRW Landesb\u00fcro Freie\nDarstellende K\u00fcnste, LWL Kulturfonds\nKoproduktion: Center for Literature, Theater im Pumpenhaus M\u00fcnster<\/h2>\t\t\t\t<\/div>\n\t\t\t\t<\/div>\n\t\t<div class=\"elementor-element elementor-element-3530cba e-con-full e-flex e-con e-child\" data-id=\"3530cba\" data-element_type=\"container\">\n\t\t\t\t<div class=\"elementor-element elementor-element-18983d4 elementor-widget elementor-widget-image\" data-id=\"18983d4\" data-element_type=\"widget\" data-widget_type=\"image.default\">\n\t\t\t\t\t\t\t\t\t\t\t\t\t\t\t<img fetchpriority=\"high\" decoding=\"async\" width=\"800\" height=\"517\" src=\"https:\/\/kollektivdesgutenwillens.com\/wp-content\/uploads\/2025\/08\/Hanna-Retz-Photography-05203-1024x662.jpg\" class=\"attachment-large size-large wp-image-167\" alt=\"\" srcset=\"https:\/\/kollektivdesgutenwillens.com\/wp-content\/uploads\/2025\/08\/Hanna-Retz-Photography-05203-1024x662.jpg 1024w, https:\/\/kollektivdesgutenwillens.com\/wp-content\/uploads\/2025\/08\/Hanna-Retz-Photography-05203-300x194.jpg 300w, https:\/\/kollektivdesgutenwillens.com\/wp-content\/uploads\/2025\/08\/Hanna-Retz-Photography-05203-768x497.jpg 768w, https:\/\/kollektivdesgutenwillens.com\/wp-content\/uploads\/2025\/08\/Hanna-Retz-Photography-05203-1536x993.jpg 1536w, https:\/\/kollektivdesgutenwillens.com\/wp-content\/uploads\/2025\/08\/Hanna-Retz-Photography-05203-2048x1325.jpg 2048w\" sizes=\"(max-width: 800px) 100vw, 800px\" \/>\t\t\t\t\t\t\t\t\t\t\t\t\t\t\t<\/div>\n\t\t\t\t<div class=\"elementor-element elementor-element-55eaeaf elementor-widget elementor-widget-image\" data-id=\"55eaeaf\" data-element_type=\"widget\" data-widget_type=\"image.default\">\n\t\t\t\t\t\t\t\t\t\t\t\t\t\t\t<img decoding=\"async\" width=\"800\" height=\"526\" src=\"https:\/\/kollektivdesgutenwillens.com\/wp-content\/uploads\/2025\/08\/Hanna-Retz-Photography-05283-1024x673.jpg\" class=\"attachment-large size-large wp-image-412\" alt=\"\" srcset=\"https:\/\/kollektivdesgutenwillens.com\/wp-content\/uploads\/2025\/08\/Hanna-Retz-Photography-05283-1024x673.jpg 1024w, https:\/\/kollektivdesgutenwillens.com\/wp-content\/uploads\/2025\/08\/Hanna-Retz-Photography-05283-300x197.jpg 300w, https:\/\/kollektivdesgutenwillens.com\/wp-content\/uploads\/2025\/08\/Hanna-Retz-Photography-05283-768x505.jpg 768w, https:\/\/kollektivdesgutenwillens.com\/wp-content\/uploads\/2025\/08\/Hanna-Retz-Photography-05283-1536x1009.jpg 1536w, https:\/\/kollektivdesgutenwillens.com\/wp-content\/uploads\/2025\/08\/Hanna-Retz-Photography-05283-2048x1346.jpg 2048w\" sizes=\"(max-width: 800px) 100vw, 800px\" \/>\t\t\t\t\t\t\t\t\t\t\t\t\t\t\t<\/div>\n\t\t\t\t<div class=\"elementor-element elementor-element-eba79f4 elementor-widget elementor-widget-image\" data-id=\"eba79f4\" data-element_type=\"widget\" data-widget_type=\"image.default\">\n\t\t\t\t\t\t\t\t\t\t\t\t\t\t\t<img decoding=\"async\" width=\"800\" height=\"529\" src=\"https:\/\/kollektivdesgutenwillens.com\/wp-content\/uploads\/2025\/08\/Hanna-Retz-Photography-05603-1024x677.jpg\" class=\"attachment-large size-large wp-image-413\" alt=\"\" srcset=\"https:\/\/kollektivdesgutenwillens.com\/wp-content\/uploads\/2025\/08\/Hanna-Retz-Photography-05603-1024x677.jpg 1024w, https:\/\/kollektivdesgutenwillens.com\/wp-content\/uploads\/2025\/08\/Hanna-Retz-Photography-05603-300x198.jpg 300w, https:\/\/kollektivdesgutenwillens.com\/wp-content\/uploads\/2025\/08\/Hanna-Retz-Photography-05603-768x508.jpg 768w, https:\/\/kollektivdesgutenwillens.com\/wp-content\/uploads\/2025\/08\/Hanna-Retz-Photography-05603-1536x1016.jpg 1536w, https:\/\/kollektivdesgutenwillens.com\/wp-content\/uploads\/2025\/08\/Hanna-Retz-Photography-05603-2048x1355.jpg 2048w\" sizes=\"(max-width: 800px) 100vw, 800px\" \/>\t\t\t\t\t\t\t\t\t\t\t\t\t\t\t<\/div>\n\t\t\t\t<div class=\"elementor-element elementor-element-78ce158 elementor-widget elementor-widget-image\" data-id=\"78ce158\" data-element_type=\"widget\" data-widget_type=\"image.default\">\n\t\t\t\t\t\t\t\t\t\t\t\t\t\t\t<img loading=\"lazy\" decoding=\"async\" width=\"800\" height=\"527\" src=\"https:\/\/kollektivdesgutenwillens.com\/wp-content\/uploads\/2025\/08\/Hanna-Retz-Photography-05684-1024x675.jpg\" class=\"attachment-large size-large wp-image-414\" alt=\"\" srcset=\"https:\/\/kollektivdesgutenwillens.com\/wp-content\/uploads\/2025\/08\/Hanna-Retz-Photography-05684-1024x675.jpg 1024w, https:\/\/kollektivdesgutenwillens.com\/wp-content\/uploads\/2025\/08\/Hanna-Retz-Photography-05684-300x198.jpg 300w, https:\/\/kollektivdesgutenwillens.com\/wp-content\/uploads\/2025\/08\/Hanna-Retz-Photography-05684-768x506.jpg 768w, https:\/\/kollektivdesgutenwillens.com\/wp-content\/uploads\/2025\/08\/Hanna-Retz-Photography-05684-1536x1013.jpg 1536w, https:\/\/kollektivdesgutenwillens.com\/wp-content\/uploads\/2025\/08\/Hanna-Retz-Photography-05684-2048x1350.jpg 2048w\" sizes=\"(max-width: 800px) 100vw, 800px\" \/>\t\t\t\t\t\t\t\t\t\t\t\t\t\t\t<\/div>\n\t\t\t\t<div class=\"elementor-element elementor-element-89cfca3 elementor-widget elementor-widget-image\" data-id=\"89cfca3\" data-element_type=\"widget\" data-widget_type=\"image.default\">\n\t\t\t\t\t\t\t\t\t\t\t\t\t\t\t<img loading=\"lazy\" decoding=\"async\" width=\"800\" height=\"522\" src=\"https:\/\/kollektivdesgutenwillens.com\/wp-content\/uploads\/2025\/08\/Hanna-Retz-Photography-06088-1024x668.jpg\" class=\"attachment-large size-large wp-image-415\" alt=\"\" srcset=\"https:\/\/kollektivdesgutenwillens.com\/wp-content\/uploads\/2025\/08\/Hanna-Retz-Photography-06088-1024x668.jpg 1024w, https:\/\/kollektivdesgutenwillens.com\/wp-content\/uploads\/2025\/08\/Hanna-Retz-Photography-06088-300x196.jpg 300w, https:\/\/kollektivdesgutenwillens.com\/wp-content\/uploads\/2025\/08\/Hanna-Retz-Photography-06088-768x501.jpg 768w, https:\/\/kollektivdesgutenwillens.com\/wp-content\/uploads\/2025\/08\/Hanna-Retz-Photography-06088-1536x1001.jpg 1536w, https:\/\/kollektivdesgutenwillens.com\/wp-content\/uploads\/2025\/08\/Hanna-Retz-Photography-06088-2048x1335.jpg 2048w\" sizes=\"(max-width: 800px) 100vw, 800px\" \/>\t\t\t\t\t\t\t\t\t\t\t\t\t\t\t<\/div>\n\t\t\t\t<div class=\"elementor-element elementor-element-af7401f elementor-widget elementor-widget-image\" data-id=\"af7401f\" data-element_type=\"widget\" data-widget_type=\"image.default\">\n\t\t\t\t\t\t\t\t\t\t\t\t\t\t\t<img loading=\"lazy\" decoding=\"async\" width=\"800\" height=\"534\" src=\"https:\/\/kollektivdesgutenwillens.com\/wp-content\/uploads\/2025\/08\/Hanna-Retz-Photography-06144-1-1024x683.jpg\" class=\"attachment-large size-large wp-image-416\" alt=\"\" srcset=\"https:\/\/kollektivdesgutenwillens.com\/wp-content\/uploads\/2025\/08\/Hanna-Retz-Photography-06144-1-1024x683.jpg 1024w, https:\/\/kollektivdesgutenwillens.com\/wp-content\/uploads\/2025\/08\/Hanna-Retz-Photography-06144-1-300x200.jpg 300w, https:\/\/kollektivdesgutenwillens.com\/wp-content\/uploads\/2025\/08\/Hanna-Retz-Photography-06144-1-768x512.jpg 768w, https:\/\/kollektivdesgutenwillens.com\/wp-content\/uploads\/2025\/08\/Hanna-Retz-Photography-06144-1-1536x1024.jpg 1536w, https:\/\/kollektivdesgutenwillens.com\/wp-content\/uploads\/2025\/08\/Hanna-Retz-Photography-06144-1-2048x1366.jpg 2048w\" sizes=\"(max-width: 800px) 100vw, 800px\" \/>\t\t\t\t\t\t\t\t\t\t\t\t\t\t\t<\/div>\n\t\t\t\t<\/div>\n\t\t\t\t<\/div>\n\t\t\t\t\t<\/div>\n\t\t\t\t<\/div>\n\t\t\t\t<\/div>\n\t\t","protected":false},"excerpt":{"rendered":"<p>Bei schlechtem Wetter bleiben Eidechsen Zuhause 2025 Jede Mutter liebt ihr Kind. Oder? Was, wenn dieses Gef\u00fchl \u2013 das doch das nat\u00fcrlichste der Welt sein soll \u2013 sich einfach nicht einstellen will? Was bedeutet es, Mutterliebe nicht geben zu k\u00f6nnen \u2013 was, sie nicht zu bekommen? Der Mythos vom angeborenen Mutterinstinkt ist zwar l\u00e4ngst widerlegt, [&hellip;]<\/p>\n","protected":false},"author":1,"featured_media":0,"parent":0,"menu_order":0,"comment_status":"closed","ping_status":"closed","template":"","meta":{"footnotes":""},"class_list":["post-200","page","type-page","status-publish","hentry"],"_links":{"self":[{"href":"https:\/\/kollektivdesgutenwillens.com\/index.php?rest_route=\/wp\/v2\/pages\/200","targetHints":{"allow":["GET"]}}],"collection":[{"href":"https:\/\/kollektivdesgutenwillens.com\/index.php?rest_route=\/wp\/v2\/pages"}],"about":[{"href":"https:\/\/kollektivdesgutenwillens.com\/index.php?rest_route=\/wp\/v2\/types\/page"}],"author":[{"embeddable":true,"href":"https:\/\/kollektivdesgutenwillens.com\/index.php?rest_route=\/wp\/v2\/users\/1"}],"replies":[{"embeddable":true,"href":"https:\/\/kollektivdesgutenwillens.com\/index.php?rest_route=%2Fwp%2Fv2%2Fcomments&post=200"}],"version-history":[{"count":13,"href":"https:\/\/kollektivdesgutenwillens.com\/index.php?rest_route=\/wp\/v2\/pages\/200\/revisions"}],"predecessor-version":[{"id":419,"href":"https:\/\/kollektivdesgutenwillens.com\/index.php?rest_route=\/wp\/v2\/pages\/200\/revisions\/419"}],"wp:attachment":[{"href":"https:\/\/kollektivdesgutenwillens.com\/index.php?rest_route=%2Fwp%2Fv2%2Fmedia&parent=200"}],"curies":[{"name":"wp","href":"https:\/\/api.w.org\/{rel}","templated":true}]}}