{"id":249,"date":"2025-08-17T17:18:49","date_gmt":"2025-08-17T15:18:49","guid":{"rendered":"https:\/\/kollektivdesgutenwillens.com\/?page_id=249"},"modified":"2025-08-20T16:05:44","modified_gmt":"2025-08-20T14:05:44","slug":"dieses-eine-leben","status":"publish","type":"page","link":"https:\/\/kollektivdesgutenwillens.com\/?page_id=249","title":{"rendered":"Dieses eine Leben"},"content":{"rendered":"\t\t<div data-elementor-type=\"wp-page\" data-elementor-id=\"249\" class=\"elementor elementor-249\" data-elementor-post-type=\"page\">\n\t\t\t\t<div class=\"elementor-element elementor-element-2660411 e-flex e-con-boxed e-con e-parent\" data-id=\"2660411\" data-element_type=\"container\">\n\t\t\t\t\t<div class=\"e-con-inner\">\n\t\t<div class=\"elementor-element elementor-element-21855e1 e-con-full e-flex e-con e-child\" data-id=\"21855e1\" data-element_type=\"container\">\n\t\t<div class=\"elementor-element elementor-element-b2ac256 e-con-full e-flex e-con e-child\" data-id=\"b2ac256\" data-element_type=\"container\">\n\t\t\t\t<div class=\"elementor-element elementor-element-76c2d47 elementor-widget elementor-widget-heading\" data-id=\"76c2d47\" data-element_type=\"widget\" data-widget_type=\"heading.default\">\n\t\t\t\t\t<h2 class=\"elementor-heading-title elementor-size-default\">Dieses eine Leben<br>\n2025<\/h2>\t\t\t\t<\/div>\n\t\t\t\t<div class=\"elementor-element elementor-element-f66c4f0 elementor-widget__width-initial elementor-widget elementor-widget-heading\" data-id=\"f66c4f0\" data-element_type=\"widget\" data-widget_type=\"heading.default\">\n\t\t\t\t\t<h2 class=\"elementor-heading-title elementor-size-default\">Dieses eine Leben 2025\n\nIn einem futuristischen Wellness-Resort arbeitet Eu als Aquafitnesstrainer. Seine Tage verlaufen mechanisch zwischen Kursen, anonymen Begegnungen und endlosem Scrollen durch Dating-Apps. Eines Tages entdeckt er einen versteckten Tunnel, der zu einem seltsamen Massageraum f\u00fchrt. Dort trifft er Selva, eine mysteri\u00f6se Masseurin, die mehr \u00fcber diesen Ort zu wissen scheint, als sie zugibt.\nW\u00e4hrend sie sich vorsichtig n\u00e4her kommen, wird Eu in einen Strudel aus Erinnerungen, unerkl\u00e4rlichen Gef\u00fchlen und dem unheimlichen Gef\u00fchl, in einer surrealen Zeitschleife gefangen zu sein, hineingezogen. Selva warnt ihn: Wer zu lange bleibt, verliert seine Tr\u00e4ume. Aber kann er noch entkommen?\nGemeinsam versuchen sie, den Rhythmus zu durchbrechen, der ihre Existenz bestimmt - das unsichtbare System, das ihre K\u00f6rper kontrolliert und ihre Seelen bindet. Als Eu endlich begreift, was ihn gefangen h\u00e4lt, steht er vor der Wahl: bleiben und sich aufl\u00f6sen oder entkommen - aber zu welchem Preis?\nDieses eine Leben ist ein poetischer, visuell intensiver Film \u00fcber entfremdete Arbeit, die Sehnsucht nach Freiheit und die Suche nach wahrer Verbundenheit in einer Welt, die zunehmend...<\/h2>\t\t\t\t<\/div>\n\t\t\t\t<div class=\"elementor-element elementor-element-e2607da elementor-widget elementor-widget-spacer\" data-id=\"e2607da\" data-element_type=\"widget\" data-widget_type=\"spacer.default\">\n\t\t\t\t\t\t\t<div class=\"elementor-spacer\">\n\t\t\t<div class=\"elementor-spacer-inner\"><\/div>\n\t\t<\/div>\n\t\t\t\t\t\t<\/div>\n\t\t\t\t<div class=\"elementor-element elementor-element-357c2a4 elementor-widget__width-initial elementor-widget elementor-widget-heading\" data-id=\"357c2a4\" data-element_type=\"widget\" data-widget_type=\"heading.default\">\n\t\t\t\t\t<h2 class=\"elementor-heading-title elementor-size-default\"> Emmanuel Edoror\n<br><br>\nUdo Georg  \n<br><br>\nSibylle Adelhoefer\n<br><br>\nAlicia Peckelsen\n<br><br>\nSimone Gisela Weber\n<br><br>\nAndreas Vormann\n<br><br>\nRegie &amp; Buch<br>\nMax Wigger\n<br><br>\nRegieassistenz<br>\nAlicia Peckelsen, Peter Maria Volkhardt\n<br><br>\nProduktion<br>\nMax Wigger, Johannes H\u00f6lker\n<br><br>\nBildgestaltung<br>\nJohannes H\u00f6lker\n<br><br>\n1. Kameraassistentin<br>\nMerle Trautwein\n<br><br>\n2. Kameraassistent<br>\nSebastian Voosholz\n<br><br>\nTon<br>\nLis Demiri\n<br><br>\nOberbeleuchter<br>\nPhilip Sawicki\n<br><br>\nSchnitt<br>\nMax Wigger\n<br><br>\nBeleuchter<br>\nFrank Gudmundsson, Ole Reif, Yann Reinemann\n<br><br>\nSzenenbild<br>\nZora Mette, Nadia W\u00f3jtowicz, Jil Seidel  \n<br><br>\nDesign Pfeife<br>\nAllegra Kortlang\n<br><br>\nSzenenbildassistenz<br>\nKim Gerdes, Helena Maeve Segin, Ennes Karatoprak, Jan Prahm Mir\u00f3\n<br><br>\nKost\u00fcm<br>\nNicola G\u00f6rdes\n<br><br>\nKost\u00fcmassistenz<br>\nNele Kimmig\n<br><br>\nMaske<br>\nNele Kimmig\n<br><br>\nTechnikassistenz<br>\nStefan Ehrlich, Zhizhang Huang, Philipp Hermeling, Marvin Schuch, Jan Niklas Thape, Lara Tjagvad\n<br><br>\nVFX<br>\nJohannes H\u00f6lker\n<br><br>\nSFX<br>\nJuri Lechthoff\n<br><br>\nMusik<br>\nAnton Bennent, Liva Katinka Hage\n<br><br>\nSound Design &amp; Mastering<br>\nFriedrich Byusa Blam\n<br><br>\nColor Grading<br>\nPhilipp Hermeling\n<br><br>\nAufnahmeleitung<br>\nPeter Maria Volkhardt, Alicia Peckelsen\n<br><br>\nCasting<br>\nPeter Maria Volkhardt\n<br><br>\nSetfotografie<br>\nKay Kim\n<br><br>\nZweite Kamera<br>\nFrank Gudmundsson, Jan Niklas Thape, Thomas Wrede  \n<br><br>\nKomparsenkoordination<br>\nPeter Maria Volkhardt, Alicia Peckelsen, Leon Koch, Vincenzo Pant\u00f3, Peter Borgmann  \n<br><br>\nGrafikdesign<br>\nLisa Gova  \n<br><br>\nIn weiteren Rollen<br>\nAna Muchow, Kathrin Bender, Evelyn Deller, Jonas Erulo, Nicola G\u00f6rdes, Udo Georg, Lars Hermanns, Philipp Hermeling, Paul H\u00f6lker, Ezra Li\u00df, Sabine List, Sabine Mense, Yann Reinemann, Phin Sen\u00dffelder, Monika Sikora, Annika Stangenberg, Merit Trapp, Martina, Peter und Felix Volkhardt, Monika Wigger, Thomas Wrede  \n<br><br>\nDanke<br>\nAnne, Aernout, Hannes, Constanze, Bruno, Peter, Jan, und besonderer Dank an Michael Luca Bockholt &amp; Spengler\n<br><br>\nAlles Gute zum Geburtstag, Papa!\n<br><br>\nDrehorte<br>\nMensa Da Vinci, Kunstakademie M\u00fcnster, Krautkr\u00e4mer Seehotel\n<br><br>\nMit freundlicher Unterst\u00fctzung durch<br>\nDie Filmwerkstatt M\u00fcnster, Kunstakademie M\u00fcnster, Mensa Da Vinci, Krautkr\u00e4mer Seehotel<\/h2>\t\t\t\t<\/div>\n\t\t\t\t<\/div>\n\t\t<div class=\"elementor-element elementor-element-98043e9 e-con-full e-flex e-con e-child\" data-id=\"98043e9\" data-element_type=\"container\">\n\t\t\t\t<div class=\"elementor-element elementor-element-aca9c40 elementor-widget elementor-widget-image\" data-id=\"aca9c40\" data-element_type=\"widget\" data-widget_type=\"image.default\">\n\t\t\t\t\t\t\t\t\t\t\t\t\t\t\t<img fetchpriority=\"high\" decoding=\"async\" width=\"800\" height=\"600\" src=\"https:\/\/kollektivdesgutenwillens.com\/wp-content\/uploads\/2025\/08\/Kopie-von-Still-2025-04-01-171502_1.214.1.T-1024x768.jpg\" class=\"attachment-large size-large wp-image-170\" alt=\"\" srcset=\"https:\/\/kollektivdesgutenwillens.com\/wp-content\/uploads\/2025\/08\/Kopie-von-Still-2025-04-01-171502_1.214.1.T-1024x768.jpg 1024w, https:\/\/kollektivdesgutenwillens.com\/wp-content\/uploads\/2025\/08\/Kopie-von-Still-2025-04-01-171502_1.214.1.T-300x225.jpg 300w, https:\/\/kollektivdesgutenwillens.com\/wp-content\/uploads\/2025\/08\/Kopie-von-Still-2025-04-01-171502_1.214.1.T-768x576.jpg 768w, https:\/\/kollektivdesgutenwillens.com\/wp-content\/uploads\/2025\/08\/Kopie-von-Still-2025-04-01-171502_1.214.1.T-1536x1152.jpg 1536w, https:\/\/kollektivdesgutenwillens.com\/wp-content\/uploads\/2025\/08\/Kopie-von-Still-2025-04-01-171502_1.214.1.T-2048x1536.jpg 2048w\" sizes=\"(max-width: 800px) 100vw, 800px\" \/>\t\t\t\t\t\t\t\t\t\t\t\t\t\t\t<\/div>\n\t\t\t\t<div class=\"elementor-element elementor-element-548ea4c elementor-widget elementor-widget-image\" data-id=\"548ea4c\" data-element_type=\"widget\" data-widget_type=\"image.default\">\n\t\t\t\t\t\t\t\t\t\t\t\t\t\t\t<img decoding=\"async\" width=\"800\" height=\"600\" src=\"https:\/\/kollektivdesgutenwillens.com\/wp-content\/uploads\/2025\/08\/Kopie-von-Still-2025-04-01-171502_1.38.1-1024x768.jpg\" class=\"attachment-large size-large wp-image-379\" alt=\"\" srcset=\"https:\/\/kollektivdesgutenwillens.com\/wp-content\/uploads\/2025\/08\/Kopie-von-Still-2025-04-01-171502_1.38.1-1024x768.jpg 1024w, https:\/\/kollektivdesgutenwillens.com\/wp-content\/uploads\/2025\/08\/Kopie-von-Still-2025-04-01-171502_1.38.1-300x225.jpg 300w, https:\/\/kollektivdesgutenwillens.com\/wp-content\/uploads\/2025\/08\/Kopie-von-Still-2025-04-01-171502_1.38.1-768x576.jpg 768w, https:\/\/kollektivdesgutenwillens.com\/wp-content\/uploads\/2025\/08\/Kopie-von-Still-2025-04-01-171502_1.38.1-1536x1152.jpg 1536w, https:\/\/kollektivdesgutenwillens.com\/wp-content\/uploads\/2025\/08\/Kopie-von-Still-2025-04-01-171502_1.38.1-2048x1536.jpg 2048w\" sizes=\"(max-width: 800px) 100vw, 800px\" \/>\t\t\t\t\t\t\t\t\t\t\t\t\t\t\t<\/div>\n\t\t\t\t<div class=\"elementor-element elementor-element-4d20fb6 elementor-widget elementor-widget-image\" data-id=\"4d20fb6\" data-element_type=\"widget\" data-widget_type=\"image.default\">\n\t\t\t\t\t\t\t\t\t\t\t\t\t\t\t<img decoding=\"async\" width=\"800\" height=\"600\" src=\"https:\/\/kollektivdesgutenwillens.com\/wp-content\/uploads\/2025\/08\/Kopie-von-Still-2025-04-01-171502_1.45.1-1024x768.jpg\" class=\"attachment-large size-large wp-image-380\" alt=\"\" srcset=\"https:\/\/kollektivdesgutenwillens.com\/wp-content\/uploads\/2025\/08\/Kopie-von-Still-2025-04-01-171502_1.45.1-1024x768.jpg 1024w, https:\/\/kollektivdesgutenwillens.com\/wp-content\/uploads\/2025\/08\/Kopie-von-Still-2025-04-01-171502_1.45.1-300x225.jpg 300w, https:\/\/kollektivdesgutenwillens.com\/wp-content\/uploads\/2025\/08\/Kopie-von-Still-2025-04-01-171502_1.45.1-768x576.jpg 768w, https:\/\/kollektivdesgutenwillens.com\/wp-content\/uploads\/2025\/08\/Kopie-von-Still-2025-04-01-171502_1.45.1-1536x1152.jpg 1536w, https:\/\/kollektivdesgutenwillens.com\/wp-content\/uploads\/2025\/08\/Kopie-von-Still-2025-04-01-171502_1.45.1-2048x1536.jpg 2048w\" sizes=\"(max-width: 800px) 100vw, 800px\" \/>\t\t\t\t\t\t\t\t\t\t\t\t\t\t\t<\/div>\n\t\t\t\t<div class=\"elementor-element elementor-element-1aa7340 elementor-widget elementor-widget-image\" data-id=\"1aa7340\" data-element_type=\"widget\" data-widget_type=\"image.default\">\n\t\t\t\t\t\t\t\t\t\t\t\t\t\t\t<img loading=\"lazy\" decoding=\"async\" width=\"800\" height=\"600\" src=\"https:\/\/kollektivdesgutenwillens.com\/wp-content\/uploads\/2025\/08\/Kopie-von-Still-2025-04-01-171502_1.128.1.T-1024x768.jpg\" class=\"attachment-large size-large wp-image-381\" alt=\"\" srcset=\"https:\/\/kollektivdesgutenwillens.com\/wp-content\/uploads\/2025\/08\/Kopie-von-Still-2025-04-01-171502_1.128.1.T-1024x768.jpg 1024w, https:\/\/kollektivdesgutenwillens.com\/wp-content\/uploads\/2025\/08\/Kopie-von-Still-2025-04-01-171502_1.128.1.T-300x225.jpg 300w, https:\/\/kollektivdesgutenwillens.com\/wp-content\/uploads\/2025\/08\/Kopie-von-Still-2025-04-01-171502_1.128.1.T-768x576.jpg 768w, https:\/\/kollektivdesgutenwillens.com\/wp-content\/uploads\/2025\/08\/Kopie-von-Still-2025-04-01-171502_1.128.1.T-1536x1152.jpg 1536w, https:\/\/kollektivdesgutenwillens.com\/wp-content\/uploads\/2025\/08\/Kopie-von-Still-2025-04-01-171502_1.128.1.T-2048x1536.jpg 2048w\" sizes=\"(max-width: 800px) 100vw, 800px\" \/>\t\t\t\t\t\t\t\t\t\t\t\t\t\t\t<\/div>\n\t\t\t\t<div class=\"elementor-element elementor-element-082868b elementor-widget elementor-widget-image\" data-id=\"082868b\" data-element_type=\"widget\" data-widget_type=\"image.default\">\n\t\t\t\t\t\t\t\t\t\t\t\t\t\t\t<img loading=\"lazy\" decoding=\"async\" width=\"800\" height=\"600\" src=\"https:\/\/kollektivdesgutenwillens.com\/wp-content\/uploads\/2025\/08\/Kopie-von-Still-2025-04-01-171502_1.140.1.T-1024x768.jpg\" class=\"attachment-large size-large wp-image-382\" alt=\"\" srcset=\"https:\/\/kollektivdesgutenwillens.com\/wp-content\/uploads\/2025\/08\/Kopie-von-Still-2025-04-01-171502_1.140.1.T-1024x768.jpg 1024w, https:\/\/kollektivdesgutenwillens.com\/wp-content\/uploads\/2025\/08\/Kopie-von-Still-2025-04-01-171502_1.140.1.T-300x225.jpg 300w, https:\/\/kollektivdesgutenwillens.com\/wp-content\/uploads\/2025\/08\/Kopie-von-Still-2025-04-01-171502_1.140.1.T-768x576.jpg 768w, https:\/\/kollektivdesgutenwillens.com\/wp-content\/uploads\/2025\/08\/Kopie-von-Still-2025-04-01-171502_1.140.1.T-1536x1152.jpg 1536w, https:\/\/kollektivdesgutenwillens.com\/wp-content\/uploads\/2025\/08\/Kopie-von-Still-2025-04-01-171502_1.140.1.T-2048x1536.jpg 2048w\" sizes=\"(max-width: 800px) 100vw, 800px\" \/>\t\t\t\t\t\t\t\t\t\t\t\t\t\t\t<\/div>\n\t\t\t\t<div class=\"elementor-element elementor-element-b016778 elementor-widget elementor-widget-image\" data-id=\"b016778\" data-element_type=\"widget\" data-widget_type=\"image.default\">\n\t\t\t\t\t\t\t\t\t\t\t\t\t\t\t<img loading=\"lazy\" decoding=\"async\" width=\"800\" height=\"600\" src=\"https:\/\/kollektivdesgutenwillens.com\/wp-content\/uploads\/2025\/08\/Kopie-von-Still-2025-04-01-171502_1.144.1.T-1024x768.jpg\" class=\"attachment-large size-large wp-image-384\" alt=\"\" srcset=\"https:\/\/kollektivdesgutenwillens.com\/wp-content\/uploads\/2025\/08\/Kopie-von-Still-2025-04-01-171502_1.144.1.T-1024x768.jpg 1024w, https:\/\/kollektivdesgutenwillens.com\/wp-content\/uploads\/2025\/08\/Kopie-von-Still-2025-04-01-171502_1.144.1.T-300x225.jpg 300w, https:\/\/kollektivdesgutenwillens.com\/wp-content\/uploads\/2025\/08\/Kopie-von-Still-2025-04-01-171502_1.144.1.T-768x576.jpg 768w, https:\/\/kollektivdesgutenwillens.com\/wp-content\/uploads\/2025\/08\/Kopie-von-Still-2025-04-01-171502_1.144.1.T-1536x1152.jpg 1536w, https:\/\/kollektivdesgutenwillens.com\/wp-content\/uploads\/2025\/08\/Kopie-von-Still-2025-04-01-171502_1.144.1.T-2048x1536.jpg 2048w\" sizes=\"(max-width: 800px) 100vw, 800px\" \/>\t\t\t\t\t\t\t\t\t\t\t\t\t\t\t<\/div>\n\t\t\t\t<div class=\"elementor-element elementor-element-a461765 elementor-widget elementor-widget-image\" data-id=\"a461765\" data-element_type=\"widget\" data-widget_type=\"image.default\">\n\t\t\t\t\t\t\t\t\t\t\t\t\t\t\t<img loading=\"lazy\" decoding=\"async\" width=\"800\" height=\"600\" src=\"https:\/\/kollektivdesgutenwillens.com\/wp-content\/uploads\/2025\/08\/Kopie-von-Still-2025-04-01-171502_1.153.1-1024x768.jpg\" class=\"attachment-large size-large wp-image-385\" alt=\"\" srcset=\"https:\/\/kollektivdesgutenwillens.com\/wp-content\/uploads\/2025\/08\/Kopie-von-Still-2025-04-01-171502_1.153.1-1024x768.jpg 1024w, https:\/\/kollektivdesgutenwillens.com\/wp-content\/uploads\/2025\/08\/Kopie-von-Still-2025-04-01-171502_1.153.1-300x225.jpg 300w, https:\/\/kollektivdesgutenwillens.com\/wp-content\/uploads\/2025\/08\/Kopie-von-Still-2025-04-01-171502_1.153.1-768x576.jpg 768w, https:\/\/kollektivdesgutenwillens.com\/wp-content\/uploads\/2025\/08\/Kopie-von-Still-2025-04-01-171502_1.153.1-1536x1152.jpg 1536w, https:\/\/kollektivdesgutenwillens.com\/wp-content\/uploads\/2025\/08\/Kopie-von-Still-2025-04-01-171502_1.153.1-2048x1536.jpg 2048w\" sizes=\"(max-width: 800px) 100vw, 800px\" \/>\t\t\t\t\t\t\t\t\t\t\t\t\t\t\t<\/div>\n\t\t\t\t<div class=\"elementor-element elementor-element-8a6dcae elementor-widget elementor-widget-image\" data-id=\"8a6dcae\" data-element_type=\"widget\" data-widget_type=\"image.default\">\n\t\t\t\t\t\t\t\t\t\t\t\t\t\t\t<img loading=\"lazy\" decoding=\"async\" width=\"800\" height=\"600\" src=\"https:\/\/kollektivdesgutenwillens.com\/wp-content\/uploads\/2025\/08\/Kopie-von-Still-2025-04-01-171502_1.154.1.T-1024x768.jpg\" class=\"attachment-large size-large wp-image-386\" alt=\"\" srcset=\"https:\/\/kollektivdesgutenwillens.com\/wp-content\/uploads\/2025\/08\/Kopie-von-Still-2025-04-01-171502_1.154.1.T-1024x768.jpg 1024w, https:\/\/kollektivdesgutenwillens.com\/wp-content\/uploads\/2025\/08\/Kopie-von-Still-2025-04-01-171502_1.154.1.T-300x225.jpg 300w, https:\/\/kollektivdesgutenwillens.com\/wp-content\/uploads\/2025\/08\/Kopie-von-Still-2025-04-01-171502_1.154.1.T-768x576.jpg 768w, https:\/\/kollektivdesgutenwillens.com\/wp-content\/uploads\/2025\/08\/Kopie-von-Still-2025-04-01-171502_1.154.1.T-1536x1152.jpg 1536w, https:\/\/kollektivdesgutenwillens.com\/wp-content\/uploads\/2025\/08\/Kopie-von-Still-2025-04-01-171502_1.154.1.T-2048x1536.jpg 2048w\" sizes=\"(max-width: 800px) 100vw, 800px\" \/>\t\t\t\t\t\t\t\t\t\t\t\t\t\t\t<\/div>\n\t\t\t\t<div class=\"elementor-element elementor-element-6325721 elementor-widget elementor-widget-image\" data-id=\"6325721\" data-element_type=\"widget\" data-widget_type=\"image.default\">\n\t\t\t\t\t\t\t\t\t\t\t\t\t\t\t<img loading=\"lazy\" decoding=\"async\" width=\"800\" height=\"600\" src=\"https:\/\/kollektivdesgutenwillens.com\/wp-content\/uploads\/2025\/08\/Kopie-von-Still-2025-04-01-171502_1.240.1-1024x768.jpg\" class=\"attachment-large size-large wp-image-387\" alt=\"\" srcset=\"https:\/\/kollektivdesgutenwillens.com\/wp-content\/uploads\/2025\/08\/Kopie-von-Still-2025-04-01-171502_1.240.1-1024x768.jpg 1024w, https:\/\/kollektivdesgutenwillens.com\/wp-content\/uploads\/2025\/08\/Kopie-von-Still-2025-04-01-171502_1.240.1-300x225.jpg 300w, https:\/\/kollektivdesgutenwillens.com\/wp-content\/uploads\/2025\/08\/Kopie-von-Still-2025-04-01-171502_1.240.1-768x576.jpg 768w, https:\/\/kollektivdesgutenwillens.com\/wp-content\/uploads\/2025\/08\/Kopie-von-Still-2025-04-01-171502_1.240.1-1536x1152.jpg 1536w, https:\/\/kollektivdesgutenwillens.com\/wp-content\/uploads\/2025\/08\/Kopie-von-Still-2025-04-01-171502_1.240.1-2048x1536.jpg 2048w\" sizes=\"(max-width: 800px) 100vw, 800px\" \/>\t\t\t\t\t\t\t\t\t\t\t\t\t\t\t<\/div>\n\t\t\t\t<div class=\"elementor-element elementor-element-69ffb70 elementor-widget elementor-widget-image\" data-id=\"69ffb70\" data-element_type=\"widget\" data-widget_type=\"image.default\">\n\t\t\t\t\t\t\t\t\t\t\t\t\t\t\t<img loading=\"lazy\" decoding=\"async\" width=\"800\" height=\"600\" src=\"https:\/\/kollektivdesgutenwillens.com\/wp-content\/uploads\/2025\/08\/Kopie-von-Still-2025-04-01-171502_1.241.1.T-1024x768.jpg\" class=\"attachment-large size-large wp-image-388\" alt=\"\" srcset=\"https:\/\/kollektivdesgutenwillens.com\/wp-content\/uploads\/2025\/08\/Kopie-von-Still-2025-04-01-171502_1.241.1.T-1024x768.jpg 1024w, https:\/\/kollektivdesgutenwillens.com\/wp-content\/uploads\/2025\/08\/Kopie-von-Still-2025-04-01-171502_1.241.1.T-300x225.jpg 300w, https:\/\/kollektivdesgutenwillens.com\/wp-content\/uploads\/2025\/08\/Kopie-von-Still-2025-04-01-171502_1.241.1.T-768x576.jpg 768w, https:\/\/kollektivdesgutenwillens.com\/wp-content\/uploads\/2025\/08\/Kopie-von-Still-2025-04-01-171502_1.241.1.T-1536x1152.jpg 1536w, https:\/\/kollektivdesgutenwillens.com\/wp-content\/uploads\/2025\/08\/Kopie-von-Still-2025-04-01-171502_1.241.1.T-2048x1536.jpg 2048w\" sizes=\"(max-width: 800px) 100vw, 800px\" \/>\t\t\t\t\t\t\t\t\t\t\t\t\t\t\t<\/div>\n\t\t\t\t<div class=\"elementor-element elementor-element-270edba elementor-widget elementor-widget-image\" data-id=\"270edba\" data-element_type=\"widget\" data-widget_type=\"image.default\">\n\t\t\t\t\t\t\t\t\t\t\t\t\t\t\t<img loading=\"lazy\" decoding=\"async\" width=\"800\" height=\"600\" src=\"https:\/\/kollektivdesgutenwillens.com\/wp-content\/uploads\/2025\/08\/Kopie-von-Still-2025-04-01-171502_1.251.1-1024x768.jpg\" class=\"attachment-large size-large wp-image-389\" alt=\"\" srcset=\"https:\/\/kollektivdesgutenwillens.com\/wp-content\/uploads\/2025\/08\/Kopie-von-Still-2025-04-01-171502_1.251.1-1024x768.jpg 1024w, https:\/\/kollektivdesgutenwillens.com\/wp-content\/uploads\/2025\/08\/Kopie-von-Still-2025-04-01-171502_1.251.1-300x225.jpg 300w, https:\/\/kollektivdesgutenwillens.com\/wp-content\/uploads\/2025\/08\/Kopie-von-Still-2025-04-01-171502_1.251.1-768x576.jpg 768w, https:\/\/kollektivdesgutenwillens.com\/wp-content\/uploads\/2025\/08\/Kopie-von-Still-2025-04-01-171502_1.251.1-1536x1152.jpg 1536w, https:\/\/kollektivdesgutenwillens.com\/wp-content\/uploads\/2025\/08\/Kopie-von-Still-2025-04-01-171502_1.251.1-2048x1536.jpg 2048w\" sizes=\"(max-width: 800px) 100vw, 800px\" \/>\t\t\t\t\t\t\t\t\t\t\t\t\t\t\t<\/div>\n\t\t\t\t<div class=\"elementor-element elementor-element-8a4b739 elementor-widget elementor-widget-image\" data-id=\"8a4b739\" data-element_type=\"widget\" data-widget_type=\"image.default\">\n\t\t\t\t\t\t\t\t\t\t\t\t\t\t\t<img loading=\"lazy\" decoding=\"async\" width=\"800\" height=\"600\" src=\"https:\/\/kollektivdesgutenwillens.com\/wp-content\/uploads\/2025\/08\/Kopie-von-Still-2025-04-01-171502_1.265.1-1024x768.jpg\" class=\"attachment-large size-large wp-image-390\" alt=\"\" srcset=\"https:\/\/kollektivdesgutenwillens.com\/wp-content\/uploads\/2025\/08\/Kopie-von-Still-2025-04-01-171502_1.265.1-1024x768.jpg 1024w, https:\/\/kollektivdesgutenwillens.com\/wp-content\/uploads\/2025\/08\/Kopie-von-Still-2025-04-01-171502_1.265.1-300x225.jpg 300w, https:\/\/kollektivdesgutenwillens.com\/wp-content\/uploads\/2025\/08\/Kopie-von-Still-2025-04-01-171502_1.265.1-768x576.jpg 768w, https:\/\/kollektivdesgutenwillens.com\/wp-content\/uploads\/2025\/08\/Kopie-von-Still-2025-04-01-171502_1.265.1-1536x1152.jpg 1536w, https:\/\/kollektivdesgutenwillens.com\/wp-content\/uploads\/2025\/08\/Kopie-von-Still-2025-04-01-171502_1.265.1-2048x1536.jpg 2048w\" sizes=\"(max-width: 800px) 100vw, 800px\" \/>\t\t\t\t\t\t\t\t\t\t\t\t\t\t\t<\/div>\n\t\t\t\t<div class=\"elementor-element elementor-element-0910a2e elementor-widget elementor-widget-image\" data-id=\"0910a2e\" data-element_type=\"widget\" data-widget_type=\"image.default\">\n\t\t\t\t\t\t\t\t\t\t\t\t\t\t\t<img loading=\"lazy\" decoding=\"async\" width=\"800\" height=\"600\" src=\"https:\/\/kollektivdesgutenwillens.com\/wp-content\/uploads\/2025\/08\/Kopie-von-Still-2025-04-01-171502_1.267.1-1024x768.jpg\" class=\"attachment-large size-large wp-image-391\" alt=\"\" srcset=\"https:\/\/kollektivdesgutenwillens.com\/wp-content\/uploads\/2025\/08\/Kopie-von-Still-2025-04-01-171502_1.267.1-1024x768.jpg 1024w, https:\/\/kollektivdesgutenwillens.com\/wp-content\/uploads\/2025\/08\/Kopie-von-Still-2025-04-01-171502_1.267.1-300x225.jpg 300w, https:\/\/kollektivdesgutenwillens.com\/wp-content\/uploads\/2025\/08\/Kopie-von-Still-2025-04-01-171502_1.267.1-768x576.jpg 768w, https:\/\/kollektivdesgutenwillens.com\/wp-content\/uploads\/2025\/08\/Kopie-von-Still-2025-04-01-171502_1.267.1-1536x1152.jpg 1536w, https:\/\/kollektivdesgutenwillens.com\/wp-content\/uploads\/2025\/08\/Kopie-von-Still-2025-04-01-171502_1.267.1-2048x1536.jpg 2048w\" sizes=\"(max-width: 800px) 100vw, 800px\" \/>\t\t\t\t\t\t\t\t\t\t\t\t\t\t\t<\/div>\n\t\t\t\t<div class=\"elementor-element elementor-element-6b2f577 elementor-widget elementor-widget-image\" data-id=\"6b2f577\" data-element_type=\"widget\" data-widget_type=\"image.default\">\n\t\t\t\t\t\t\t\t\t\t\t\t\t\t\t<img loading=\"lazy\" decoding=\"async\" width=\"800\" height=\"600\" src=\"https:\/\/kollektivdesgutenwillens.com\/wp-content\/uploads\/2025\/08\/Kopie-von-Still-2025-04-01-171607_1.62.1-1024x768.jpg\" class=\"attachment-large size-large wp-image-392\" alt=\"\" srcset=\"https:\/\/kollektivdesgutenwillens.com\/wp-content\/uploads\/2025\/08\/Kopie-von-Still-2025-04-01-171607_1.62.1-1024x768.jpg 1024w, https:\/\/kollektivdesgutenwillens.com\/wp-content\/uploads\/2025\/08\/Kopie-von-Still-2025-04-01-171607_1.62.1-300x225.jpg 300w, https:\/\/kollektivdesgutenwillens.com\/wp-content\/uploads\/2025\/08\/Kopie-von-Still-2025-04-01-171607_1.62.1-768x576.jpg 768w, https:\/\/kollektivdesgutenwillens.com\/wp-content\/uploads\/2025\/08\/Kopie-von-Still-2025-04-01-171607_1.62.1-1536x1152.jpg 1536w, https:\/\/kollektivdesgutenwillens.com\/wp-content\/uploads\/2025\/08\/Kopie-von-Still-2025-04-01-171607_1.62.1-2048x1536.jpg 2048w\" sizes=\"(max-width: 800px) 100vw, 800px\" \/>\t\t\t\t\t\t\t\t\t\t\t\t\t\t\t<\/div>\n\t\t\t\t<div class=\"elementor-element elementor-element-cae28ca elementor-widget elementor-widget-image\" data-id=\"cae28ca\" data-element_type=\"widget\" data-widget_type=\"image.default\">\n\t\t\t\t\t\t\t\t\t\t\t\t\t\t\t<img loading=\"lazy\" decoding=\"async\" width=\"800\" height=\"600\" src=\"https:\/\/kollektivdesgutenwillens.com\/wp-content\/uploads\/2025\/08\/Still-2024-11-12-191141_1.282.1-1024x768.jpg\" class=\"attachment-large size-large wp-image-393\" alt=\"\" srcset=\"https:\/\/kollektivdesgutenwillens.com\/wp-content\/uploads\/2025\/08\/Still-2024-11-12-191141_1.282.1-1024x768.jpg 1024w, https:\/\/kollektivdesgutenwillens.com\/wp-content\/uploads\/2025\/08\/Still-2024-11-12-191141_1.282.1-300x225.jpg 300w, https:\/\/kollektivdesgutenwillens.com\/wp-content\/uploads\/2025\/08\/Still-2024-11-12-191141_1.282.1-768x576.jpg 768w, https:\/\/kollektivdesgutenwillens.com\/wp-content\/uploads\/2025\/08\/Still-2024-11-12-191141_1.282.1-1536x1152.jpg 1536w, https:\/\/kollektivdesgutenwillens.com\/wp-content\/uploads\/2025\/08\/Still-2024-11-12-191141_1.282.1-2048x1536.jpg 2048w\" sizes=\"(max-width: 800px) 100vw, 800px\" \/>\t\t\t\t\t\t\t\t\t\t\t\t\t\t\t<\/div>\n\t\t\t\t<\/div>\n\t\t\t\t<\/div>\n\t\t\t\t\t<\/div>\n\t\t\t\t<\/div>\n\t\t\t\t<\/div>\n\t\t","protected":false},"excerpt":{"rendered":"<p>Dieses eine Leben 2025 Dieses eine Leben 2025 In einem futuristischen Wellness-Resort arbeitet Eu als Aquafitnesstrainer. Seine Tage verlaufen mechanisch zwischen Kursen, anonymen Begegnungen und endlosem Scrollen durch Dating-Apps. Eines Tages entdeckt er einen versteckten Tunnel, der zu einem seltsamen Massageraum f\u00fchrt. Dort trifft er Selva, eine mysteri\u00f6se Masseurin, die mehr \u00fcber diesen Ort zu [&hellip;]<\/p>\n","protected":false},"author":1,"featured_media":0,"parent":0,"menu_order":0,"comment_status":"closed","ping_status":"closed","template":"","meta":{"footnotes":""},"class_list":["post-249","page","type-page","status-publish","hentry"],"_links":{"self":[{"href":"https:\/\/kollektivdesgutenwillens.com\/index.php?rest_route=\/wp\/v2\/pages\/249","targetHints":{"allow":["GET"]}}],"collection":[{"href":"https:\/\/kollektivdesgutenwillens.com\/index.php?rest_route=\/wp\/v2\/pages"}],"about":[{"href":"https:\/\/kollektivdesgutenwillens.com\/index.php?rest_route=\/wp\/v2\/types\/page"}],"author":[{"embeddable":true,"href":"https:\/\/kollektivdesgutenwillens.com\/index.php?rest_route=\/wp\/v2\/users\/1"}],"replies":[{"embeddable":true,"href":"https:\/\/kollektivdesgutenwillens.com\/index.php?rest_route=%2Fwp%2Fv2%2Fcomments&post=249"}],"version-history":[{"count":7,"href":"https:\/\/kollektivdesgutenwillens.com\/index.php?rest_route=\/wp\/v2\/pages\/249\/revisions"}],"predecessor-version":[{"id":396,"href":"https:\/\/kollektivdesgutenwillens.com\/index.php?rest_route=\/wp\/v2\/pages\/249\/revisions\/396"}],"wp:attachment":[{"href":"https:\/\/kollektivdesgutenwillens.com\/index.php?rest_route=%2Fwp%2Fv2%2Fmedia&parent=249"}],"curies":[{"name":"wp","href":"https:\/\/api.w.org\/{rel}","templated":true}]}}