{"id":266,"date":"2025-08-17T17:46:22","date_gmt":"2025-08-17T15:46:22","guid":{"rendered":"https:\/\/kollektivdesgutenwillens.com\/?page_id=266"},"modified":"2025-08-20T20:30:53","modified_gmt":"2025-08-20T18:30:53","slug":"choose-your-donkey","status":"publish","type":"page","link":"https:\/\/kollektivdesgutenwillens.com\/?page_id=266","title":{"rendered":"Choose Your Donkey"},"content":{"rendered":"\t\t<div data-elementor-type=\"wp-page\" data-elementor-id=\"266\" class=\"elementor elementor-266\" data-elementor-post-type=\"page\">\n\t\t\t\t<div class=\"elementor-element elementor-element-dffea4a e-flex e-con-boxed e-con e-parent\" data-id=\"dffea4a\" data-element_type=\"container\">\n\t\t\t\t\t<div class=\"e-con-inner\">\n\t\t<div class=\"elementor-element elementor-element-9184f9a e-con-full e-flex e-con e-child\" data-id=\"9184f9a\" data-element_type=\"container\">\n\t\t<div class=\"elementor-element elementor-element-76eec67 e-con-full e-flex e-con e-child\" data-id=\"76eec67\" data-element_type=\"container\">\n\t\t\t\t<div class=\"elementor-element elementor-element-d9cdce7 elementor-widget elementor-widget-heading\" data-id=\"d9cdce7\" data-element_type=\"widget\" data-widget_type=\"heading.default\">\n\t\t\t\t\t<h2 class=\"elementor-heading-title elementor-size-default\">Choose Your Donkey<br>\n2024<\/h2>\t\t\t\t<\/div>\n\t\t\t\t<div class=\"elementor-element elementor-element-bc57e2b elementor-widget__width-initial elementor-widget elementor-widget-heading\" data-id=\"bc57e2b\" data-element_type=\"widget\" data-widget_type=\"heading.default\">\n\t\t\t\t\t<h2 class=\"elementor-heading-title elementor-size-default\">\"Eine Ragdoll - eine Lumpenpuppe: das ist mehr als nur die Algorithmusfolge einer Welt aus Pixeln und M\u00f6glichkeiten. Eine Simulation von menschlichen K\u00f6rpern - verletzt und im Sterben begriffen. Die Bewegungen sind nicht vorherbestimmt; sind nicht gesteuert - sie sind ein Echo der Echtzeit.\"\n<br><br>\n'Choose Your Donkey' ist die Aufforderung, mit der wir in einer der zu Beginn erw\u00e4hnten Handyspielwerbungen konfrontiert sind. In einer Entscheidungssequenz werden wir aufgefordert, zwischen verschiedenen Eseln auszuw\u00e4hlen, damit uns einer dieser Esel durch eine sp\u00e4rlich animierte W\u00fcste f\u00fchren wird. Treffen wir eine Entscheidung und w\u00e4hlen einen der Esel aus, werden wir zum App Store weitergeleitet, um das eigentliche Spiel herunterzuladen. \nMit \"Choose Your Donkey\" d\u00fcrft ihr ebenfalls einem Esel folgen, der euch vielleicht an den Rand des spielbaren Bereichs f\u00fchren wird.\n<br><br>\nChoose your Donkey ist eine Videoarbeit, die sich aus f\u00fcnf Episoden zusammensetzt. Wir begleiten jeweils unabh\u00e4ngige Protagonist*innen durch ein Alltagsflimmern, das sich als halbdigitales Netz zwischen Lethargie und Melancholie verf\u00e4ngt.<\/h2>\t\t\t\t<\/div>\n\t\t\t\t<\/div>\n\t\t<div class=\"elementor-element elementor-element-e111b51 e-con-full e-flex e-con e-child\" data-id=\"e111b51\" data-element_type=\"container\">\n\t\t\t\t<div class=\"elementor-element elementor-element-aa0bb24 elementor-widget elementor-widget-video\" data-id=\"aa0bb24\" data-element_type=\"widget\" data-settings=\"{&quot;youtube_url&quot;:&quot;https:\\\/\\\/www.youtube.com\\\/watch?v=sEgOI6QPHxk&quot;,&quot;video_type&quot;:&quot;youtube&quot;,&quot;controls&quot;:&quot;yes&quot;}\" data-widget_type=\"video.default\">\n\t\t\t\t\t\t\t<div class=\"elementor-wrapper elementor-open-inline\">\n\t\t\t<div class=\"elementor-video\"><\/div>\t\t<\/div>\n\t\t\t\t\t\t<\/div>\n\t\t\t\t<div class=\"elementor-element elementor-element-323d4da elementor-widget elementor-widget-image\" data-id=\"323d4da\" data-element_type=\"widget\" data-widget_type=\"image.default\">\n\t\t\t\t\t\t\t\t\t\t\t\t\t\t\t<img fetchpriority=\"high\" decoding=\"async\" width=\"800\" height=\"534\" src=\"https:\/\/kollektivdesgutenwillens.com\/wp-content\/uploads\/2025\/08\/BE2B01A3-9B6A-41EB-8BB6-3BB57B8F9874-1024x683.jpg\" class=\"attachment-large size-large wp-image-169\" alt=\"\" srcset=\"https:\/\/kollektivdesgutenwillens.com\/wp-content\/uploads\/2025\/08\/BE2B01A3-9B6A-41EB-8BB6-3BB57B8F9874-1024x683.jpg 1024w, https:\/\/kollektivdesgutenwillens.com\/wp-content\/uploads\/2025\/08\/BE2B01A3-9B6A-41EB-8BB6-3BB57B8F9874-300x200.jpg 300w, https:\/\/kollektivdesgutenwillens.com\/wp-content\/uploads\/2025\/08\/BE2B01A3-9B6A-41EB-8BB6-3BB57B8F9874-768x512.jpg 768w, https:\/\/kollektivdesgutenwillens.com\/wp-content\/uploads\/2025\/08\/BE2B01A3-9B6A-41EB-8BB6-3BB57B8F9874.jpg 1440w\" sizes=\"(max-width: 800px) 100vw, 800px\" \/>\t\t\t\t\t\t\t\t\t\t\t\t\t\t\t<\/div>\n\t\t\t\t<div class=\"elementor-element elementor-element-fccd845 elementor-widget elementor-widget-image\" data-id=\"fccd845\" data-element_type=\"widget\" data-widget_type=\"image.default\">\n\t\t\t\t\t\t\t\t\t\t\t\t\t\t\t<img decoding=\"async\" width=\"800\" height=\"534\" src=\"https:\/\/kollektivdesgutenwillens.com\/wp-content\/uploads\/2025\/08\/1AB65407-D4B0-4643-B56B-6800383042C5-1024x683.jpg\" class=\"attachment-large size-large wp-image-420\" alt=\"\" srcset=\"https:\/\/kollektivdesgutenwillens.com\/wp-content\/uploads\/2025\/08\/1AB65407-D4B0-4643-B56B-6800383042C5-1024x683.jpg 1024w, https:\/\/kollektivdesgutenwillens.com\/wp-content\/uploads\/2025\/08\/1AB65407-D4B0-4643-B56B-6800383042C5-300x200.jpg 300w, https:\/\/kollektivdesgutenwillens.com\/wp-content\/uploads\/2025\/08\/1AB65407-D4B0-4643-B56B-6800383042C5-768x512.jpg 768w, https:\/\/kollektivdesgutenwillens.com\/wp-content\/uploads\/2025\/08\/1AB65407-D4B0-4643-B56B-6800383042C5.jpg 1440w\" sizes=\"(max-width: 800px) 100vw, 800px\" \/>\t\t\t\t\t\t\t\t\t\t\t\t\t\t\t<\/div>\n\t\t\t\t<div class=\"elementor-element elementor-element-55f6d93 elementor-widget elementor-widget-image\" data-id=\"55f6d93\" data-element_type=\"widget\" data-widget_type=\"image.default\">\n\t\t\t\t\t\t\t\t\t\t\t\t\t\t\t<img decoding=\"async\" width=\"800\" height=\"534\" src=\"https:\/\/kollektivdesgutenwillens.com\/wp-content\/uploads\/2025\/08\/5C670D9F-1E29-41B4-B0EC-7089DD08C50F-1024x683.jpg\" class=\"attachment-large size-large wp-image-421\" alt=\"\" srcset=\"https:\/\/kollektivdesgutenwillens.com\/wp-content\/uploads\/2025\/08\/5C670D9F-1E29-41B4-B0EC-7089DD08C50F-1024x683.jpg 1024w, https:\/\/kollektivdesgutenwillens.com\/wp-content\/uploads\/2025\/08\/5C670D9F-1E29-41B4-B0EC-7089DD08C50F-300x200.jpg 300w, https:\/\/kollektivdesgutenwillens.com\/wp-content\/uploads\/2025\/08\/5C670D9F-1E29-41B4-B0EC-7089DD08C50F-768x512.jpg 768w, https:\/\/kollektivdesgutenwillens.com\/wp-content\/uploads\/2025\/08\/5C670D9F-1E29-41B4-B0EC-7089DD08C50F.jpg 1440w\" sizes=\"(max-width: 800px) 100vw, 800px\" \/>\t\t\t\t\t\t\t\t\t\t\t\t\t\t\t<\/div>\n\t\t\t\t<div class=\"elementor-element elementor-element-927a887 elementor-widget elementor-widget-image\" data-id=\"927a887\" data-element_type=\"widget\" data-widget_type=\"image.default\">\n\t\t\t\t\t\t\t\t\t\t\t\t\t\t\t<img loading=\"lazy\" decoding=\"async\" width=\"800\" height=\"534\" src=\"https:\/\/kollektivdesgutenwillens.com\/wp-content\/uploads\/2025\/08\/42A676AA-DCF0-44C0-9DA0-7AB3341F18CE-1024x683.jpg\" class=\"attachment-large size-large wp-image-422\" alt=\"\" srcset=\"https:\/\/kollektivdesgutenwillens.com\/wp-content\/uploads\/2025\/08\/42A676AA-DCF0-44C0-9DA0-7AB3341F18CE-1024x683.jpg 1024w, https:\/\/kollektivdesgutenwillens.com\/wp-content\/uploads\/2025\/08\/42A676AA-DCF0-44C0-9DA0-7AB3341F18CE-300x200.jpg 300w, https:\/\/kollektivdesgutenwillens.com\/wp-content\/uploads\/2025\/08\/42A676AA-DCF0-44C0-9DA0-7AB3341F18CE-768x512.jpg 768w, https:\/\/kollektivdesgutenwillens.com\/wp-content\/uploads\/2025\/08\/42A676AA-DCF0-44C0-9DA0-7AB3341F18CE.jpg 1440w\" sizes=\"(max-width: 800px) 100vw, 800px\" \/>\t\t\t\t\t\t\t\t\t\t\t\t\t\t\t<\/div>\n\t\t\t\t<div class=\"elementor-element elementor-element-5fb47d3 elementor-widget elementor-widget-image\" data-id=\"5fb47d3\" data-element_type=\"widget\" data-widget_type=\"image.default\">\n\t\t\t\t\t\t\t\t\t\t\t\t\t\t\t<img loading=\"lazy\" decoding=\"async\" width=\"800\" height=\"534\" src=\"https:\/\/kollektivdesgutenwillens.com\/wp-content\/uploads\/2025\/08\/93-DSC09343-1024x683.jpg\" class=\"attachment-large size-large wp-image-423\" alt=\"\" srcset=\"https:\/\/kollektivdesgutenwillens.com\/wp-content\/uploads\/2025\/08\/93-DSC09343-1024x683.jpg 1024w, https:\/\/kollektivdesgutenwillens.com\/wp-content\/uploads\/2025\/08\/93-DSC09343-300x200.jpg 300w, https:\/\/kollektivdesgutenwillens.com\/wp-content\/uploads\/2025\/08\/93-DSC09343-768x512.jpg 768w, https:\/\/kollektivdesgutenwillens.com\/wp-content\/uploads\/2025\/08\/93-DSC09343-1536x1024.jpg 1536w, https:\/\/kollektivdesgutenwillens.com\/wp-content\/uploads\/2025\/08\/93-DSC09343-2048x1365.jpg 2048w\" sizes=\"(max-width: 800px) 100vw, 800px\" \/>\t\t\t\t\t\t\t\t\t\t\t\t\t\t\t<\/div>\n\t\t\t\t<div class=\"elementor-element elementor-element-0917f8b elementor-widget elementor-widget-image\" data-id=\"0917f8b\" data-element_type=\"widget\" data-widget_type=\"image.default\">\n\t\t\t\t\t\t\t\t\t\t\t\t\t\t\t<img loading=\"lazy\" decoding=\"async\" width=\"800\" height=\"535\" src=\"https:\/\/kollektivdesgutenwillens.com\/wp-content\/uploads\/2025\/08\/4457668E-AA7B-4E95-BAD2-9BAE9221A852-1024x685.jpg\" class=\"attachment-large size-large wp-image-424\" alt=\"\" srcset=\"https:\/\/kollektivdesgutenwillens.com\/wp-content\/uploads\/2025\/08\/4457668E-AA7B-4E95-BAD2-9BAE9221A852-1024x685.jpg 1024w, https:\/\/kollektivdesgutenwillens.com\/wp-content\/uploads\/2025\/08\/4457668E-AA7B-4E95-BAD2-9BAE9221A852-300x201.jpg 300w, https:\/\/kollektivdesgutenwillens.com\/wp-content\/uploads\/2025\/08\/4457668E-AA7B-4E95-BAD2-9BAE9221A852-768x514.jpg 768w, https:\/\/kollektivdesgutenwillens.com\/wp-content\/uploads\/2025\/08\/4457668E-AA7B-4E95-BAD2-9BAE9221A852.jpg 1440w\" sizes=\"(max-width: 800px) 100vw, 800px\" \/>\t\t\t\t\t\t\t\t\t\t\t\t\t\t\t<\/div>\n\t\t\t\t<div class=\"elementor-element elementor-element-9ac355e elementor-widget elementor-widget-image\" data-id=\"9ac355e\" data-element_type=\"widget\" data-widget_type=\"image.default\">\n\t\t\t\t\t\t\t\t\t\t\t\t\t\t\t<img loading=\"lazy\" decoding=\"async\" width=\"800\" height=\"534\" src=\"https:\/\/kollektivdesgutenwillens.com\/wp-content\/uploads\/2025\/08\/Ausstellungsansicht-Volksbank-Mu\u0308nster-2024-1024x683.jpg\" class=\"attachment-large size-large wp-image-425\" alt=\"\" srcset=\"https:\/\/kollektivdesgutenwillens.com\/wp-content\/uploads\/2025\/08\/Ausstellungsansicht-Volksbank-Mu\u0308nster-2024-1024x683.jpg 1024w, https:\/\/kollektivdesgutenwillens.com\/wp-content\/uploads\/2025\/08\/Ausstellungsansicht-Volksbank-Mu\u0308nster-2024-300x200.jpg 300w, https:\/\/kollektivdesgutenwillens.com\/wp-content\/uploads\/2025\/08\/Ausstellungsansicht-Volksbank-Mu\u0308nster-2024-768x512.jpg 768w, https:\/\/kollektivdesgutenwillens.com\/wp-content\/uploads\/2025\/08\/Ausstellungsansicht-Volksbank-Mu\u0308nster-2024-1536x1024.jpg 1536w, https:\/\/kollektivdesgutenwillens.com\/wp-content\/uploads\/2025\/08\/Ausstellungsansicht-Volksbank-Mu\u0308nster-2024-2048x1365.jpg 2048w\" sizes=\"(max-width: 800px) 100vw, 800px\" \/>\t\t\t\t\t\t\t\t\t\t\t\t\t\t\t<\/div>\n\t\t\t\t<div class=\"elementor-element elementor-element-991e004 elementor-widget elementor-widget-image\" data-id=\"991e004\" data-element_type=\"widget\" data-widget_type=\"image.default\">\n\t\t\t\t\t\t\t\t\t\t\t\t\t\t\t<img loading=\"lazy\" decoding=\"async\" width=\"800\" height=\"516\" src=\"https:\/\/kollektivdesgutenwillens.com\/wp-content\/uploads\/2025\/08\/IMG_0986-1024x660.jpg\" class=\"attachment-large size-large wp-image-426\" alt=\"\" srcset=\"https:\/\/kollektivdesgutenwillens.com\/wp-content\/uploads\/2025\/08\/IMG_0986-1024x660.jpg 1024w, https:\/\/kollektivdesgutenwillens.com\/wp-content\/uploads\/2025\/08\/IMG_0986-300x193.jpg 300w, https:\/\/kollektivdesgutenwillens.com\/wp-content\/uploads\/2025\/08\/IMG_0986-768x495.jpg 768w, https:\/\/kollektivdesgutenwillens.com\/wp-content\/uploads\/2025\/08\/IMG_0986.jpg 1125w\" sizes=\"(max-width: 800px) 100vw, 800px\" \/>\t\t\t\t\t\t\t\t\t\t\t\t\t\t\t<\/div>\n\t\t\t\t<div class=\"elementor-element elementor-element-c10e60e elementor-widget elementor-widget-image\" data-id=\"c10e60e\" data-element_type=\"widget\" data-widget_type=\"image.default\">\n\t\t\t\t\t\t\t\t\t\t\t\t\t\t\t<img loading=\"lazy\" decoding=\"async\" width=\"800\" height=\"497\" src=\"https:\/\/kollektivdesgutenwillens.com\/wp-content\/uploads\/2025\/08\/IMG_0987-1024x636.jpg\" class=\"attachment-large size-large wp-image-427\" alt=\"\" srcset=\"https:\/\/kollektivdesgutenwillens.com\/wp-content\/uploads\/2025\/08\/IMG_0987-1024x636.jpg 1024w, https:\/\/kollektivdesgutenwillens.com\/wp-content\/uploads\/2025\/08\/IMG_0987-300x186.jpg 300w, https:\/\/kollektivdesgutenwillens.com\/wp-content\/uploads\/2025\/08\/IMG_0987-768x477.jpg 768w, https:\/\/kollektivdesgutenwillens.com\/wp-content\/uploads\/2025\/08\/IMG_0987.jpg 1125w\" sizes=\"(max-width: 800px) 100vw, 800px\" \/>\t\t\t\t\t\t\t\t\t\t\t\t\t\t\t<\/div>\n\t\t\t\t<div class=\"elementor-element elementor-element-5ab84e5 elementor-widget elementor-widget-image\" data-id=\"5ab84e5\" data-element_type=\"widget\" data-widget_type=\"image.default\">\n\t\t\t\t\t\t\t\t\t\t\t\t\t\t\t<img loading=\"lazy\" decoding=\"async\" width=\"800\" height=\"534\" src=\"https:\/\/kollektivdesgutenwillens.com\/wp-content\/uploads\/2025\/08\/WhatsApp-Image-2025-03-18-at-13.39.13-1024x683.jpeg\" class=\"attachment-large size-large wp-image-428\" alt=\"\" srcset=\"https:\/\/kollektivdesgutenwillens.com\/wp-content\/uploads\/2025\/08\/WhatsApp-Image-2025-03-18-at-13.39.13-1024x683.jpeg 1024w, https:\/\/kollektivdesgutenwillens.com\/wp-content\/uploads\/2025\/08\/WhatsApp-Image-2025-03-18-at-13.39.13-300x200.jpeg 300w, https:\/\/kollektivdesgutenwillens.com\/wp-content\/uploads\/2025\/08\/WhatsApp-Image-2025-03-18-at-13.39.13-768x512.jpeg 768w, https:\/\/kollektivdesgutenwillens.com\/wp-content\/uploads\/2025\/08\/WhatsApp-Image-2025-03-18-at-13.39.13-1536x1024.jpeg 1536w, https:\/\/kollektivdesgutenwillens.com\/wp-content\/uploads\/2025\/08\/WhatsApp-Image-2025-03-18-at-13.39.13-2048x1365.jpeg 2048w\" sizes=\"(max-width: 800px) 100vw, 800px\" \/>\t\t\t\t\t\t\t\t\t\t\t\t\t\t\t<\/div>\n\t\t\t\t<\/div>\n\t\t\t\t<\/div>\n\t\t\t\t\t<\/div>\n\t\t\t\t<\/div>\n\t\t\t\t<\/div>\n\t\t","protected":false},"excerpt":{"rendered":"<p>Choose Your Donkey 2024 &#8222;Eine Ragdoll &#8211; eine Lumpenpuppe: das ist mehr als nur die Algorithmusfolge einer Welt aus Pixeln und M\u00f6glichkeiten. Eine Simulation von menschlichen K\u00f6rpern &#8211; verletzt und im Sterben begriffen. Die Bewegungen sind nicht vorherbestimmt; sind nicht gesteuert &#8211; sie sind ein Echo der Echtzeit.&#8220; &#8218;Choose Your Donkey&#8216; ist die Aufforderung, mit [&hellip;]<\/p>\n","protected":false},"author":1,"featured_media":0,"parent":0,"menu_order":0,"comment_status":"closed","ping_status":"closed","template":"","meta":{"footnotes":""},"class_list":["post-266","page","type-page","status-publish","hentry"],"_links":{"self":[{"href":"https:\/\/kollektivdesgutenwillens.com\/index.php?rest_route=\/wp\/v2\/pages\/266","targetHints":{"allow":["GET"]}}],"collection":[{"href":"https:\/\/kollektivdesgutenwillens.com\/index.php?rest_route=\/wp\/v2\/pages"}],"about":[{"href":"https:\/\/kollektivdesgutenwillens.com\/index.php?rest_route=\/wp\/v2\/types\/page"}],"author":[{"embeddable":true,"href":"https:\/\/kollektivdesgutenwillens.com\/index.php?rest_route=\/wp\/v2\/users\/1"}],"replies":[{"embeddable":true,"href":"https:\/\/kollektivdesgutenwillens.com\/index.php?rest_route=%2Fwp%2Fv2%2Fcomments&post=266"}],"version-history":[{"count":13,"href":"https:\/\/kollektivdesgutenwillens.com\/index.php?rest_route=\/wp\/v2\/pages\/266\/revisions"}],"predecessor-version":[{"id":531,"href":"https:\/\/kollektivdesgutenwillens.com\/index.php?rest_route=\/wp\/v2\/pages\/266\/revisions\/531"}],"wp:attachment":[{"href":"https:\/\/kollektivdesgutenwillens.com\/index.php?rest_route=%2Fwp%2Fv2%2Fmedia&parent=266"}],"curies":[{"name":"wp","href":"https:\/\/api.w.org\/{rel}","templated":true}]}}