{"id":294,"date":"2025-08-17T17:54:55","date_gmt":"2025-08-17T15:54:55","guid":{"rendered":"https:\/\/kollektivdesgutenwillens.com\/?page_id=294"},"modified":"2025-08-20T17:30:30","modified_gmt":"2025-08-20T15:30:30","slug":"nicht-in-bester-verfassung","status":"publish","type":"page","link":"https:\/\/kollektivdesgutenwillens.com\/?page_id=294","title":{"rendered":"Nicht in bester Verfassung"},"content":{"rendered":"\t\t<div data-elementor-type=\"wp-page\" data-elementor-id=\"294\" class=\"elementor elementor-294\" data-elementor-post-type=\"page\">\n\t\t\t\t<div class=\"elementor-element elementor-element-4d4277d e-flex e-con-boxed e-con e-parent\" data-id=\"4d4277d\" data-element_type=\"container\">\n\t\t\t\t\t<div class=\"e-con-inner\">\n\t\t<div class=\"elementor-element elementor-element-039c1cd e-con-full e-flex e-con e-child\" data-id=\"039c1cd\" data-element_type=\"container\">\n\t\t<div class=\"elementor-element elementor-element-02d1da9 e-con-full e-flex e-con e-child\" data-id=\"02d1da9\" data-element_type=\"container\">\n\t\t\t\t<div class=\"elementor-element elementor-element-a9b5e0f elementor-widget elementor-widget-heading\" data-id=\"a9b5e0f\" data-element_type=\"widget\" data-widget_type=\"heading.default\">\n\t\t\t\t\t<h2 class=\"elementor-heading-title elementor-size-default\">Nicht in bester Verfassung<br>\n2021<\/h2>\t\t\t\t<\/div>\n\t\t\t\t<div class=\"elementor-element elementor-element-a433334 elementor-widget__width-initial elementor-widget elementor-widget-heading\" data-id=\"a433334\" data-element_type=\"widget\" data-widget_type=\"heading.default\">\n\t\t\t\t\t<h2 class=\"elementor-heading-title elementor-size-default\">Festival der Demokratie M\u00fcnster 2021\n<br><br>\nInstalationviews<br>\nInstallation Landtag D\u00fcsseldorf 2021\t\n<br><br>\nPress<br>\nhttps:\/\/www.wn.de\/muenster\/kultur\/kontrovers-und-unterhaltsam-781733 \n<br><br>\nTrailer<br>\nhttps:\/\/www.youtube.com\/watch?v=bxb0WIxWqFA&amp;themeRefresh=1 \n<br><br>\t\t\t\nDie Arbeit \u201eNicht in bester Verfassung\u201c handelt von \u201eKarl Arnold\u201c \u2013 angelehnt an den christlichen Sozialisten gleichen Namens, dem eigentlichen Landesvater Nordrhein-Westfalens und einem der M\u00fctter und V\u00e4ter seiner Verfassung.\n<br><br>\nIn einer Mischung aus dokumentarischer Reflexion und \u00e4sthetischer Verfremdung wird Arnold von einer Gruppe anderer Figuren umgeben, die verschiedene gesellschaftliche und politische Str\u00f6mungen verk\u00f6rpern \u2013 sowohl aus der Zeit der Verfassungsentstehung als auch im Spiegel gegenw\u00e4rtiger Diskurse. Diese Figuren repr\u00e4sentieren ein Spannungsfeld widerstreitender Meinungen und ideologischer Haltungen, das sich wie ein Resonanzraum durch die filmische Komposition zieht.\n<br><br>\nDie Meinungsbildung selbst wird als k\u00fcnstlerischer Prozess verfremdet dargestellt \u2013 unter anderem durch die Montage von Bild- und Toncollagen, durch performative Elemente und eine zyklische Erz\u00e4hlstruktur. Die Erz\u00e4hlung beginnt mit dem R\u00fcckblick auf Krieg und Diktatur, f\u00fchrt \u00fcber eine konstituierende Versammlung, in der Artikel der Landesverfassung ins Spiel gebracht werden, und kehrt schlie\u00dflich wieder an ihren Ausgangspunkt zur\u00fcck \u2013 eine Bewegung, die die Fragilit\u00e4t demokratischer Errungenschaften sp\u00fcrbar macht.\n<br><br>\nDie Arbeit entstand im Rahmen des Festivals der Demokratie in M\u00fcnster als Teil der Werkstatt Demokratie \u2013 einem k\u00fcnstlerischen F\u00f6rderprojekt des Landes NRW \u2013 und wurde zun\u00e4chst im Stadtraum M\u00fcnster \u00f6ffentlich pr\u00e4sentiert. Anschlie\u00dfend wurde sie vom Landtag NRW in D\u00fcsseldorf zur Ausstellung eingeladen, anl\u00e4sslich des 75-j\u00e4hrigen Jubil\u00e4ums der Landesverfassung.\n<br><br>\n\u201eNicht in bester Verfassung\u201c bringt die Spannung zwischen innerer und \u00e4u\u00dferer Welt ins Bild \u2013 und damit die Frage, was Demokratie im Alltag bedeutet. Es wird deutlich, wie unverzichtbar demokratische Prinzipien f\u00fcr das Zusammenleben in einer vielf\u00e4ltigen Gesellschaft sind \u2013 getragen, aber auch herausgefordert von pluralen Kr\u00e4ften \u2013 und welchen Gefahren sie heute gegen\u00fcbersteht.<\/h2>\t\t\t\t<\/div>\n\t\t\t\t<\/div>\n\t\t<div class=\"elementor-element elementor-element-147d97d e-con-full e-flex e-con e-child\" data-id=\"147d97d\" data-element_type=\"container\">\n\t\t\t\t<div class=\"elementor-element elementor-element-5e5c4a2 elementor-widget elementor-widget-video\" data-id=\"5e5c4a2\" data-element_type=\"widget\" data-settings=\"{&quot;youtube_url&quot;:&quot;https:\\\/\\\/www.youtube.com\\\/watch?v=bxb0WIxWqFA&amp;themeRefresh=1 &quot;,&quot;video_type&quot;:&quot;youtube&quot;,&quot;controls&quot;:&quot;yes&quot;}\" data-widget_type=\"video.default\">\n\t\t\t\t\t\t\t<div class=\"elementor-wrapper elementor-open-inline\">\n\t\t\t<div class=\"elementor-video\"><\/div>\t\t<\/div>\n\t\t\t\t\t\t<\/div>\n\t\t\t\t<div class=\"elementor-element elementor-element-99d773f elementor-widget elementor-widget-image\" data-id=\"99d773f\" data-element_type=\"widget\" data-widget_type=\"image.default\">\n\t\t\t\t\t\t\t\t\t\t\t\t\t\t\t<img fetchpriority=\"high\" decoding=\"async\" width=\"800\" height=\"517\" src=\"https:\/\/kollektivdesgutenwillens.com\/wp-content\/uploads\/2025\/08\/Bildschirmfoto-2025-03-18-um-10.32.26-1024x662.png\" class=\"attachment-large size-large wp-image-196\" alt=\"\" srcset=\"https:\/\/kollektivdesgutenwillens.com\/wp-content\/uploads\/2025\/08\/Bildschirmfoto-2025-03-18-um-10.32.26-1024x662.png 1024w, https:\/\/kollektivdesgutenwillens.com\/wp-content\/uploads\/2025\/08\/Bildschirmfoto-2025-03-18-um-10.32.26-300x194.png 300w, https:\/\/kollektivdesgutenwillens.com\/wp-content\/uploads\/2025\/08\/Bildschirmfoto-2025-03-18-um-10.32.26-768x496.png 768w, https:\/\/kollektivdesgutenwillens.com\/wp-content\/uploads\/2025\/08\/Bildschirmfoto-2025-03-18-um-10.32.26-1536x993.png 1536w, https:\/\/kollektivdesgutenwillens.com\/wp-content\/uploads\/2025\/08\/Bildschirmfoto-2025-03-18-um-10.32.26-2048x1324.png 2048w\" sizes=\"(max-width: 800px) 100vw, 800px\" \/>\t\t\t\t\t\t\t\t\t\t\t\t\t\t\t<\/div>\n\t\t\t\t<div class=\"elementor-element elementor-element-0d55cb0 elementor-widget elementor-widget-image\" data-id=\"0d55cb0\" data-element_type=\"widget\" data-widget_type=\"image.default\">\n\t\t\t\t\t\t\t\t\t\t\t\t\t\t\t<img decoding=\"async\" width=\"800\" height=\"517\" src=\"https:\/\/kollektivdesgutenwillens.com\/wp-content\/uploads\/2025\/08\/Bildschirmfoto-2025-03-18-um-10.31.53-1024x662.png\" class=\"attachment-large size-large wp-image-451\" alt=\"\" srcset=\"https:\/\/kollektivdesgutenwillens.com\/wp-content\/uploads\/2025\/08\/Bildschirmfoto-2025-03-18-um-10.31.53-1024x662.png 1024w, https:\/\/kollektivdesgutenwillens.com\/wp-content\/uploads\/2025\/08\/Bildschirmfoto-2025-03-18-um-10.31.53-300x194.png 300w, https:\/\/kollektivdesgutenwillens.com\/wp-content\/uploads\/2025\/08\/Bildschirmfoto-2025-03-18-um-10.31.53-768x496.png 768w, https:\/\/kollektivdesgutenwillens.com\/wp-content\/uploads\/2025\/08\/Bildschirmfoto-2025-03-18-um-10.31.53-1536x993.png 1536w, https:\/\/kollektivdesgutenwillens.com\/wp-content\/uploads\/2025\/08\/Bildschirmfoto-2025-03-18-um-10.31.53-2048x1324.png 2048w\" sizes=\"(max-width: 800px) 100vw, 800px\" \/>\t\t\t\t\t\t\t\t\t\t\t\t\t\t\t<\/div>\n\t\t\t\t<div class=\"elementor-element elementor-element-d25f8e8 elementor-widget elementor-widget-image\" data-id=\"d25f8e8\" data-element_type=\"widget\" data-widget_type=\"image.default\">\n\t\t\t\t\t\t\t\t\t\t\t\t\t\t\t<img decoding=\"async\" width=\"800\" height=\"517\" src=\"https:\/\/kollektivdesgutenwillens.com\/wp-content\/uploads\/2025\/08\/Bildschirmfoto-2025-03-18-um-10.33.10-1024x662.png\" class=\"attachment-large size-large wp-image-452\" alt=\"\" srcset=\"https:\/\/kollektivdesgutenwillens.com\/wp-content\/uploads\/2025\/08\/Bildschirmfoto-2025-03-18-um-10.33.10-1024x662.png 1024w, https:\/\/kollektivdesgutenwillens.com\/wp-content\/uploads\/2025\/08\/Bildschirmfoto-2025-03-18-um-10.33.10-300x194.png 300w, https:\/\/kollektivdesgutenwillens.com\/wp-content\/uploads\/2025\/08\/Bildschirmfoto-2025-03-18-um-10.33.10-768x496.png 768w, https:\/\/kollektivdesgutenwillens.com\/wp-content\/uploads\/2025\/08\/Bildschirmfoto-2025-03-18-um-10.33.10-1536x993.png 1536w, https:\/\/kollektivdesgutenwillens.com\/wp-content\/uploads\/2025\/08\/Bildschirmfoto-2025-03-18-um-10.33.10-2048x1324.png 2048w\" sizes=\"(max-width: 800px) 100vw, 800px\" \/>\t\t\t\t\t\t\t\t\t\t\t\t\t\t\t<\/div>\n\t\t\t\t<div class=\"elementor-element elementor-element-645e417 elementor-widget elementor-widget-image\" data-id=\"645e417\" data-element_type=\"widget\" data-widget_type=\"image.default\">\n\t\t\t\t\t\t\t\t\t\t\t\t\t\t\t<img loading=\"lazy\" decoding=\"async\" width=\"800\" height=\"517\" src=\"https:\/\/kollektivdesgutenwillens.com\/wp-content\/uploads\/2025\/08\/Bildschirmfoto-2025-03-18-um-10.33.46-1024x662.png\" class=\"attachment-large size-large wp-image-453\" alt=\"\" srcset=\"https:\/\/kollektivdesgutenwillens.com\/wp-content\/uploads\/2025\/08\/Bildschirmfoto-2025-03-18-um-10.33.46-1024x662.png 1024w, https:\/\/kollektivdesgutenwillens.com\/wp-content\/uploads\/2025\/08\/Bildschirmfoto-2025-03-18-um-10.33.46-300x194.png 300w, https:\/\/kollektivdesgutenwillens.com\/wp-content\/uploads\/2025\/08\/Bildschirmfoto-2025-03-18-um-10.33.46-768x496.png 768w, https:\/\/kollektivdesgutenwillens.com\/wp-content\/uploads\/2025\/08\/Bildschirmfoto-2025-03-18-um-10.33.46-1536x993.png 1536w, https:\/\/kollektivdesgutenwillens.com\/wp-content\/uploads\/2025\/08\/Bildschirmfoto-2025-03-18-um-10.33.46-2048x1324.png 2048w\" sizes=\"(max-width: 800px) 100vw, 800px\" \/>\t\t\t\t\t\t\t\t\t\t\t\t\t\t\t<\/div>\n\t\t\t\t<\/div>\n\t\t\t\t<\/div>\n\t\t\t\t\t<\/div>\n\t\t\t\t<\/div>\n\t\t\t\t<\/div>\n\t\t","protected":false},"excerpt":{"rendered":"<p>Nicht in bester Verfassung 2021 Festival der Demokratie M\u00fcnster 2021 Instalationviews Installation Landtag D\u00fcsseldorf 2021 Press https:\/\/www.wn.de\/muenster\/kultur\/kontrovers-und-unterhaltsam-781733 Trailer Die Arbeit \u201eNicht in bester Verfassung\u201c handelt von \u201eKarl Arnold\u201c \u2013 angelehnt an den christlichen Sozialisten gleichen Namens, dem eigentlichen Landesvater Nordrhein-Westfalens und einem der M\u00fctter und V\u00e4ter seiner Verfassung. In einer Mischung aus dokumentarischer Reflexion und [&hellip;]<\/p>\n","protected":false},"author":1,"featured_media":0,"parent":0,"menu_order":0,"comment_status":"closed","ping_status":"closed","template":"","meta":{"footnotes":""},"class_list":["post-294","page","type-page","status-publish","hentry"],"_links":{"self":[{"href":"https:\/\/kollektivdesgutenwillens.com\/index.php?rest_route=\/wp\/v2\/pages\/294","targetHints":{"allow":["GET"]}}],"collection":[{"href":"https:\/\/kollektivdesgutenwillens.com\/index.php?rest_route=\/wp\/v2\/pages"}],"about":[{"href":"https:\/\/kollektivdesgutenwillens.com\/index.php?rest_route=\/wp\/v2\/types\/page"}],"author":[{"embeddable":true,"href":"https:\/\/kollektivdesgutenwillens.com\/index.php?rest_route=\/wp\/v2\/users\/1"}],"replies":[{"embeddable":true,"href":"https:\/\/kollektivdesgutenwillens.com\/index.php?rest_route=%2Fwp%2Fv2%2Fcomments&post=294"}],"version-history":[{"count":13,"href":"https:\/\/kollektivdesgutenwillens.com\/index.php?rest_route=\/wp\/v2\/pages\/294\/revisions"}],"predecessor-version":[{"id":504,"href":"https:\/\/kollektivdesgutenwillens.com\/index.php?rest_route=\/wp\/v2\/pages\/294\/revisions\/504"}],"wp:attachment":[{"href":"https:\/\/kollektivdesgutenwillens.com\/index.php?rest_route=%2Fwp%2Fv2%2Fmedia&parent=294"}],"curies":[{"name":"wp","href":"https:\/\/api.w.org\/{rel}","templated":true}]}}