{"id":299,"date":"2025-08-17T17:56:51","date_gmt":"2025-08-17T15:56:51","guid":{"rendered":"https:\/\/kollektivdesgutenwillens.com\/?page_id=299"},"modified":"2025-08-20T17:26:26","modified_gmt":"2025-08-20T15:26:26","slug":"raumkonzepte-4-0","status":"publish","type":"page","link":"https:\/\/kollektivdesgutenwillens.com\/?page_id=299","title":{"rendered":"Raumkonzepte 4.0"},"content":{"rendered":"\t\t<div data-elementor-type=\"wp-page\" data-elementor-id=\"299\" class=\"elementor elementor-299\" data-elementor-post-type=\"page\">\n\t\t\t\t<div class=\"elementor-element elementor-element-ea0eb06 e-flex e-con-boxed e-con e-parent\" data-id=\"ea0eb06\" data-element_type=\"container\">\n\t\t\t\t\t<div class=\"e-con-inner\">\n\t\t<div class=\"elementor-element elementor-element-091b871 e-con-full e-flex e-con e-child\" data-id=\"091b871\" data-element_type=\"container\">\n\t\t<div class=\"elementor-element elementor-element-7494b72 e-con-full e-flex e-con e-child\" data-id=\"7494b72\" data-element_type=\"container\">\n\t\t\t\t<div class=\"elementor-element elementor-element-3bd573d elementor-widget elementor-widget-heading\" data-id=\"3bd573d\" data-element_type=\"widget\" data-widget_type=\"heading.default\">\n\t\t\t\t\t<h2 class=\"elementor-heading-title elementor-size-default\">Raumkonzepte 4.0<br>\n2021<\/h2>\t\t\t\t<\/div>\n\t\t\t\t<div class=\"elementor-element elementor-element-65ba740 elementor-widget__width-initial elementor-widget elementor-widget-heading\" data-id=\"65ba740\" data-element_type=\"widget\" data-widget_type=\"heading.default\">\n\t\t\t\t\t<h2 class=\"elementor-heading-title elementor-size-default\">eins werden mit der Immobilie\n (3-teilige Videoinstallation 2022, in Zusammenarbeit mit Noah Evenius)\n<br><br>\nWhat to do when we no longer love our spaces? When living space becomes dead commercial space.\n<br><br>\nDer Workshop \u00bbRaumkonzept 4.0 \u2013 eins werden mit der Immobilie\u00ab soll Menschen darauf vorbereiten, sich von Gegenst\u00e4nden zu l\u00f6sen und sich stattdessen dem Raum selbst zuzuwenden.\n<br><br>\nDie dreikanalige Videoinstallation \u201eRaumkonzepte 4.0\u201c hinterfragt in der Fiktion eines dystopischen Workshops die Beziehung der Kursteilnehmer zu Immobilien. In einer ungenutzten Rohbau-H\u00fclle versucht der Kursleiter (Ferdinand), durch Einzel- und Gruppen\u00fcbungen, irgendwo zwischen Possibility Management, Life Coaching und therapeutischer Selbstreflexion, Empathie f\u00fcr R\u00e4ume und ihr Potenzial zu entwickeln.\n Die r\u00e4umliche Depression eines leeren Non-Places \u2013 getragen von Lagerhallenluft, Sichtbeton, Leuchtstoffr\u00f6hren, Aluminiumblechen und P6B- kugelsicherem Glas \u2013 wird in menschliche Emotionen \u00fcbertragen.<\/h2>\t\t\t\t<\/div>\n\t\t\t\t<\/div>\n\t\t<div class=\"elementor-element elementor-element-96e9b6e e-con-full e-flex e-con e-child\" data-id=\"96e9b6e\" data-element_type=\"container\">\n\t\t\t\t<div class=\"elementor-element elementor-element-a677fe9 elementor-widget elementor-widget-video\" data-id=\"a677fe9\" data-element_type=\"widget\" data-settings=\"{&quot;video_type&quot;:&quot;vimeo&quot;}\" data-widget_type=\"video.default\">\n\t\t\t\t\t\t\t<div class=\"elementor-wrapper elementor-open-inline\">\n\t\t\t<iframe class=\"elementor-video-iframe\" allowfullscreen allow=\"clipboard-write\" title=\"vimeo Video Player\" src=\"https:\/\/player.vimeo.com\/video\/788974182?color&amp;autopause=0&amp;loop=0&amp;muted=0&amp;title=1&amp;portrait=1&amp;byline=1#t=\"><\/iframe>\t\t<\/div>\n\t\t\t\t\t\t<\/div>\n\t\t\t\t<div class=\"elementor-element elementor-element-31daa5f elementor-widget elementor-widget-image\" data-id=\"31daa5f\" data-element_type=\"widget\" data-widget_type=\"image.default\">\n\t\t\t\t\t\t\t\t\t\t\t\t\t\t\t<img fetchpriority=\"high\" decoding=\"async\" width=\"800\" height=\"534\" src=\"https:\/\/kollektivdesgutenwillens.com\/wp-content\/uploads\/2025\/08\/DSC6510-1024x683.jpeg\" class=\"attachment-large size-large wp-image-179\" alt=\"\" srcset=\"https:\/\/kollektivdesgutenwillens.com\/wp-content\/uploads\/2025\/08\/DSC6510-1024x683.jpeg 1024w, https:\/\/kollektivdesgutenwillens.com\/wp-content\/uploads\/2025\/08\/DSC6510-300x200.jpeg 300w, https:\/\/kollektivdesgutenwillens.com\/wp-content\/uploads\/2025\/08\/DSC6510-768x512.jpeg 768w, https:\/\/kollektivdesgutenwillens.com\/wp-content\/uploads\/2025\/08\/DSC6510.jpeg 1280w\" sizes=\"(max-width: 800px) 100vw, 800px\" \/>\t\t\t\t\t\t\t\t\t\t\t\t\t\t\t<\/div>\n\t\t\t\t<div class=\"elementor-element elementor-element-e304328 elementor-widget elementor-widget-image\" data-id=\"e304328\" data-element_type=\"widget\" data-widget_type=\"image.default\">\n\t\t\t\t\t\t\t\t\t\t\t\t\t\t\t<img decoding=\"async\" width=\"683\" height=\"1024\" src=\"https:\/\/kollektivdesgutenwillens.com\/wp-content\/uploads\/2025\/08\/DSC6492-683x1024.jpeg\" class=\"attachment-large size-large wp-image-457\" alt=\"\" srcset=\"https:\/\/kollektivdesgutenwillens.com\/wp-content\/uploads\/2025\/08\/DSC6492-683x1024.jpeg 683w, https:\/\/kollektivdesgutenwillens.com\/wp-content\/uploads\/2025\/08\/DSC6492-200x300.jpeg 200w, https:\/\/kollektivdesgutenwillens.com\/wp-content\/uploads\/2025\/08\/DSC6492-768x1151.jpeg 768w, https:\/\/kollektivdesgutenwillens.com\/wp-content\/uploads\/2025\/08\/DSC6492.jpeg 854w\" sizes=\"(max-width: 683px) 100vw, 683px\" \/>\t\t\t\t\t\t\t\t\t\t\t\t\t\t\t<\/div>\n\t\t\t\t<div class=\"elementor-element elementor-element-7d5cd55 elementor-widget elementor-widget-image\" data-id=\"7d5cd55\" data-element_type=\"widget\" data-widget_type=\"image.default\">\n\t\t\t\t\t\t\t\t\t\t\t\t\t\t\t<img decoding=\"async\" width=\"800\" height=\"534\" src=\"https:\/\/kollektivdesgutenwillens.com\/wp-content\/uploads\/2025\/08\/DSC6502-1024x683.jpeg\" class=\"attachment-large size-large wp-image-458\" alt=\"\" srcset=\"https:\/\/kollektivdesgutenwillens.com\/wp-content\/uploads\/2025\/08\/DSC6502-1024x683.jpeg 1024w, https:\/\/kollektivdesgutenwillens.com\/wp-content\/uploads\/2025\/08\/DSC6502-300x200.jpeg 300w, https:\/\/kollektivdesgutenwillens.com\/wp-content\/uploads\/2025\/08\/DSC6502-768x512.jpeg 768w, https:\/\/kollektivdesgutenwillens.com\/wp-content\/uploads\/2025\/08\/DSC6502.jpeg 1280w\" sizes=\"(max-width: 800px) 100vw, 800px\" \/>\t\t\t\t\t\t\t\t\t\t\t\t\t\t\t<\/div>\n\t\t\t\t<div class=\"elementor-element elementor-element-8aac122 elementor-widget elementor-widget-image\" data-id=\"8aac122\" data-element_type=\"widget\" data-widget_type=\"image.default\">\n\t\t\t\t\t\t\t\t\t\t\t\t\t\t\t<img loading=\"lazy\" decoding=\"async\" width=\"800\" height=\"534\" src=\"https:\/\/kollektivdesgutenwillens.com\/wp-content\/uploads\/2025\/08\/DSC6531-1024x683.jpeg\" class=\"attachment-large size-large wp-image-459\" alt=\"\" srcset=\"https:\/\/kollektivdesgutenwillens.com\/wp-content\/uploads\/2025\/08\/DSC6531-1024x683.jpeg 1024w, https:\/\/kollektivdesgutenwillens.com\/wp-content\/uploads\/2025\/08\/DSC6531-300x200.jpeg 300w, https:\/\/kollektivdesgutenwillens.com\/wp-content\/uploads\/2025\/08\/DSC6531-768x512.jpeg 768w, https:\/\/kollektivdesgutenwillens.com\/wp-content\/uploads\/2025\/08\/DSC6531.jpeg 1280w\" sizes=\"(max-width: 800px) 100vw, 800px\" \/>\t\t\t\t\t\t\t\t\t\t\t\t\t\t\t<\/div>\n\t\t\t\t<div class=\"elementor-element elementor-element-dd76445 elementor-widget elementor-widget-image\" data-id=\"dd76445\" data-element_type=\"widget\" data-widget_type=\"image.default\">\n\t\t\t\t\t\t\t\t\t\t\t\t\t\t\t<img loading=\"lazy\" decoding=\"async\" width=\"684\" height=\"1024\" src=\"https:\/\/kollektivdesgutenwillens.com\/wp-content\/uploads\/2025\/08\/L1000643-684x1024.jpg\" class=\"attachment-large size-large wp-image-460\" alt=\"\" srcset=\"https:\/\/kollektivdesgutenwillens.com\/wp-content\/uploads\/2025\/08\/L1000643-684x1024.jpg 684w, https:\/\/kollektivdesgutenwillens.com\/wp-content\/uploads\/2025\/08\/L1000643-200x300.jpg 200w, https:\/\/kollektivdesgutenwillens.com\/wp-content\/uploads\/2025\/08\/L1000643-768x1150.jpg 768w, https:\/\/kollektivdesgutenwillens.com\/wp-content\/uploads\/2025\/08\/L1000643-1026x1536.jpg 1026w, https:\/\/kollektivdesgutenwillens.com\/wp-content\/uploads\/2025\/08\/L1000643-1368x2048.jpg 1368w, https:\/\/kollektivdesgutenwillens.com\/wp-content\/uploads\/2025\/08\/L1000643-scaled.jpg 1710w\" sizes=\"(max-width: 684px) 100vw, 684px\" \/>\t\t\t\t\t\t\t\t\t\t\t\t\t\t\t<\/div>\n\t\t\t\t<div class=\"elementor-element elementor-element-c454bed elementor-widget elementor-widget-image\" data-id=\"c454bed\" data-element_type=\"widget\" data-widget_type=\"image.default\">\n\t\t\t\t\t\t\t\t\t\t\t\t\t\t\t<img loading=\"lazy\" decoding=\"async\" width=\"684\" height=\"1024\" src=\"https:\/\/kollektivdesgutenwillens.com\/wp-content\/uploads\/2025\/08\/L1000644-684x1024.jpg\" class=\"attachment-large size-large wp-image-461\" alt=\"\" srcset=\"https:\/\/kollektivdesgutenwillens.com\/wp-content\/uploads\/2025\/08\/L1000644-684x1024.jpg 684w, https:\/\/kollektivdesgutenwillens.com\/wp-content\/uploads\/2025\/08\/L1000644-200x300.jpg 200w, https:\/\/kollektivdesgutenwillens.com\/wp-content\/uploads\/2025\/08\/L1000644-768x1150.jpg 768w, https:\/\/kollektivdesgutenwillens.com\/wp-content\/uploads\/2025\/08\/L1000644-1026x1536.jpg 1026w, https:\/\/kollektivdesgutenwillens.com\/wp-content\/uploads\/2025\/08\/L1000644-1368x2048.jpg 1368w, https:\/\/kollektivdesgutenwillens.com\/wp-content\/uploads\/2025\/08\/L1000644-scaled.jpg 1710w\" sizes=\"(max-width: 684px) 100vw, 684px\" \/>\t\t\t\t\t\t\t\t\t\t\t\t\t\t\t<\/div>\n\t\t\t\t<div class=\"elementor-element elementor-element-c2f6664 elementor-widget elementor-widget-image\" data-id=\"c2f6664\" data-element_type=\"widget\" data-widget_type=\"image.default\">\n\t\t\t\t\t\t\t\t\t\t\t\t\t\t\t<img loading=\"lazy\" decoding=\"async\" width=\"684\" height=\"1024\" src=\"https:\/\/kollektivdesgutenwillens.com\/wp-content\/uploads\/2025\/08\/L1000650-684x1024.jpg\" class=\"attachment-large size-large wp-image-462\" alt=\"\" srcset=\"https:\/\/kollektivdesgutenwillens.com\/wp-content\/uploads\/2025\/08\/L1000650-684x1024.jpg 684w, https:\/\/kollektivdesgutenwillens.com\/wp-content\/uploads\/2025\/08\/L1000650-200x300.jpg 200w, https:\/\/kollektivdesgutenwillens.com\/wp-content\/uploads\/2025\/08\/L1000650-768x1150.jpg 768w, https:\/\/kollektivdesgutenwillens.com\/wp-content\/uploads\/2025\/08\/L1000650-1026x1536.jpg 1026w, https:\/\/kollektivdesgutenwillens.com\/wp-content\/uploads\/2025\/08\/L1000650-1368x2048.jpg 1368w, https:\/\/kollektivdesgutenwillens.com\/wp-content\/uploads\/2025\/08\/L1000650-scaled.jpg 1710w\" sizes=\"(max-width: 684px) 100vw, 684px\" \/>\t\t\t\t\t\t\t\t\t\t\t\t\t\t\t<\/div>\n\t\t\t\t<\/div>\n\t\t\t\t<\/div>\n\t\t\t\t\t<\/div>\n\t\t\t\t<\/div>\n\t\t\t\t<\/div>\n\t\t","protected":false},"excerpt":{"rendered":"<p>Raumkonzepte 4.0 2021 eins werden mit der Immobilie (3-teilige Videoinstallation 2022, in Zusammenarbeit mit Noah Evenius) What to do when we no longer love our spaces? When living space becomes dead commercial space. Der Workshop \u00bbRaumkonzept 4.0 \u2013 eins werden mit der Immobilie\u00ab soll Menschen darauf vorbereiten, sich von Gegenst\u00e4nden zu l\u00f6sen und sich stattdessen [&hellip;]<\/p>\n","protected":false},"author":1,"featured_media":0,"parent":0,"menu_order":0,"comment_status":"closed","ping_status":"closed","template":"","meta":{"footnotes":""},"class_list":["post-299","page","type-page","status-publish","hentry"],"_links":{"self":[{"href":"https:\/\/kollektivdesgutenwillens.com\/index.php?rest_route=\/wp\/v2\/pages\/299","targetHints":{"allow":["GET"]}}],"collection":[{"href":"https:\/\/kollektivdesgutenwillens.com\/index.php?rest_route=\/wp\/v2\/pages"}],"about":[{"href":"https:\/\/kollektivdesgutenwillens.com\/index.php?rest_route=\/wp\/v2\/types\/page"}],"author":[{"embeddable":true,"href":"https:\/\/kollektivdesgutenwillens.com\/index.php?rest_route=\/wp\/v2\/users\/1"}],"replies":[{"embeddable":true,"href":"https:\/\/kollektivdesgutenwillens.com\/index.php?rest_route=%2Fwp%2Fv2%2Fcomments&post=299"}],"version-history":[{"count":10,"href":"https:\/\/kollektivdesgutenwillens.com\/index.php?rest_route=\/wp\/v2\/pages\/299\/revisions"}],"predecessor-version":[{"id":495,"href":"https:\/\/kollektivdesgutenwillens.com\/index.php?rest_route=\/wp\/v2\/pages\/299\/revisions\/495"}],"wp:attachment":[{"href":"https:\/\/kollektivdesgutenwillens.com\/index.php?rest_route=%2Fwp%2Fv2%2Fmedia&parent=299"}],"curies":[{"name":"wp","href":"https:\/\/api.w.org\/{rel}","templated":true}]}}