{"id":313,"date":"2025-08-17T18:15:31","date_gmt":"2025-08-17T16:15:31","guid":{"rendered":"https:\/\/kollektivdesgutenwillens.com\/?page_id=313"},"modified":"2025-09-07T01:15:32","modified_gmt":"2025-09-06T23:15:32","slug":"impressum-datenschutz","status":"publish","type":"page","link":"https:\/\/kollektivdesgutenwillens.com\/?page_id=313","title":{"rendered":"Impressum Datenschutz"},"content":{"rendered":"\t\t<div data-elementor-type=\"wp-page\" data-elementor-id=\"313\" class=\"elementor elementor-313\" data-elementor-post-type=\"page\">\n\t\t\t\t<div class=\"elementor-element elementor-element-f03431c e-flex e-con-boxed e-con e-parent\" data-id=\"f03431c\" data-element_type=\"container\">\n\t\t\t\t\t<div class=\"e-con-inner\">\n\t\t<div class=\"elementor-element elementor-element-a860c63 e-con-full e-flex e-con e-child\" data-id=\"a860c63\" data-element_type=\"container\">\n\t\t\t\t<div class=\"elementor-element elementor-element-6a0b36e elementor-widget elementor-widget-text-editor\" data-id=\"6a0b36e\" data-element_type=\"widget\" data-widget_type=\"text-editor.default\">\n\t\t\t\t\t\t\t\t\tAngabe gem\u00e4\u00df \u00a75 TMG\n<br>Inhaber Max Wigger\n<br><br>Hansaring 2\n<br>48155 M\u00fcnster\n<br><br>+49 176 57704822<br>mail@kollektivdesgutenwillens.com\t\t\t\t\t\t\t\t<\/div>\n\t\t\t\t<\/div>\n\t\t<div class=\"elementor-element elementor-element-de79f34 e-con-full e-flex e-con e-child\" data-id=\"de79f34\" data-element_type=\"container\">\n\t\t\t\t<div class=\"elementor-element elementor-element-ed941ab elementor-widget elementor-widget-text-editor\" data-id=\"ed941ab\" data-element_type=\"widget\" data-widget_type=\"text-editor.default\">\n\t\t\t\t\t\t\t\t\t<p>Gestaltung und technische Umsetzung<br \/>David Jakob Hirmer<\/p><p>Haftung f\u00fcr Inhalte<br \/>Die Inhalte unserer Seiten wurden mit gr\u00f6\u00dfter Sorgfalt erstellt. F\u00fcr die Richtigkeit, Vollst\u00e4ndigkeit und Aktualit\u00e4t der Inhalte k\u00f6nnen wir jedoch keine Gew\u00e4hr \u00fcbernehmen. Als Diensteanbieter sind wir gem\u00e4\u00df \u00a7 7 Abs.1 TMG f\u00fcr eigene Inhalte auf diesen Seiten nach den allgemeinen Gesetzen verantwortlich. Nach \u00a7\u00a7 8 bis 10 TMG sind wir als Diensteanbieter jedoch nicht verpflichtet, \u00fcbermittelte oder gespeicherte fremde Informationen zu \u00fcberwachen oder nach Umst\u00e4nden zu forschen, die auf eine rechtswidrige T\u00e4tigkeit hinweisen. Verpflichtungen zur Entfernung oder Sperrung der Nutzung von Informationen nach den allgemeinen Gesetzen bleiben hiervon unber\u00fchrt. Eine diesbez\u00fcgliche Haftung ist jedoch erst ab dem Zeitpunkt der Kenntnis einer konkreten Rechtsverletzung m\u00f6glich. Bei Bekanntwerden von entsprechenden Rechtsverletzungen werden wir diese Inhalte umgehend entfernen.<\/p><p>Haftung f\u00fcr Links<br \/>Unser Angebot enth\u00e4lt Links zu externen Webseiten Dritter, auf deren Inhalte wir keinen Einfluss haben. Deshalb k\u00f6nnen wir f\u00fcr diese fremden Inhalte auch keine Gew\u00e4hr \u00fcbernehmen. F\u00fcr die Inhalte der verlinkten Seiten ist stets der jeweilige Anbieter oder Betreiber der Seiten verantwortlich. Die verlinkten Seiten wurden zum Zeitpunkt der Verlinkung auf m\u00f6gliche Rechtsverst\u00f6\u00dfe \u00fcberpr\u00fcft. Rechtswidrige Inhalte waren zum Zeitpunkt der Verlinkung nicht erkennbar. Eine permanente inhaltliche Kontrolle der verlinkten Seiten ist jedoch ohne konkrete Anhaltspunkte einer Rechtsverletzung nicht zumutbar. Bei Bekanntwerden von Rechtsverletzungen werden wir derartige Links umgehend entfernen.<\/p><p>Datenschutz<br \/>Die Nutzung unserer Webseite ist in der Regel ohne Angabe personenbezogener Daten m\u00f6glich. Soweit auf unseren Seiten personenbezogene Daten (beispielsweise Name, Anschrift oder eMail-Adressen) erhoben werden, erfolgt dies, soweit m\u00f6glich, stets auf freiwilliger Basis. Diese Daten werden ohne Ihre ausdr\u00fcckliche Zustimmung nicht an Dritte weitergegeben. \u00a0Wir weisen darauf hin, dass die Daten\u00fcbertragung im Internet (z.B. bei der Kommunikation per E-Mail) Sicherheitsl\u00fccken aufweisen kann. Ein l\u00fcckenloser Schutz der Daten vor dem Zugriff durch Dritte ist nicht m\u00f6glich. Der Nutzung von im Rahmen der Impressumspflicht ver\u00f6ffentlichten Kontaktdaten durch Dritte zur \u00dcbersendung von nicht ausdr\u00fccklich angeforderter Werbung und Informationsmaterialien wird hiermit ausdr\u00fccklich widersprochen. Die Betreiber der Seiten behalten sich ausdr\u00fccklich rechtliche Schritte im Falle der unverlangten Zusendung von Werbeinformationen, etwa durch Spam-Mails, vor.<\/p><p>Instagram Datenschutz<br \/>Wir haben Instagram-Funktionen auf unserer Website integriert. Instagram ist eine Social Media Plattform der Firma Instagram LLC, 1601 Willow Rd, Menlo Park CA 94025, USA. Instagram ist seit 2012 ein Tochterunternehmen der Facebook Inc. und geh\u00f6rt zu den Produkten von Facebook. Das Einbinden von Instagram-Inhalten auf unserer Website wird als &#8222;Embedding&#8220; bezeichnet. Dies erm\u00f6glicht es uns, Ihnen Inhalte wie Schaltfl\u00e4chen, Fotos oder Videos von Instagram direkt auf unserer Website anzuzeigen. Wenn Sie Webseiten auf unserer Website aufrufen, die eine Instagram-Funktion integriert haben, werden Daten an Instagram \u00fcbertragen, gespeichert und verarbeitet. Instagram verwendet die gleichen Systeme und Technologien wie Facebook. Im Folgenden m\u00f6chten wir Ihnen einen genaueren Einblick geben, warum Instagram Daten erhebt, um welche Daten es sich handelt und wie Sie die Datenverarbeitung weitgehend kontrollieren k\u00f6nnen. Da Instagram zur Facebook Inc. geh\u00f6rt, beziehen wir unsere Informationen zum einen aus den Richtlinien von Instagram, zum anderen aber auch aus den eigenen Datenrichtlinien von Facebook. Was ist Instagram? Instagram ist eines der beliebtesten Social-Media-Netzwerke der Welt. Instagram kombiniert die Vorteile eines Blogs mit den Vorteilen von audiovisuellen Plattformen wie YouTube oder Vimeo. Sie k\u00f6nnen auf &#8222;Insta&#8220; (wie viele der Nutzer die Plattform salopp nennen) Fotos und Kurzvideos hochladen, diese mit verschiedenen Filtern bearbeiten und auch in anderen sozialen Netzwerken verbreiten. Und wenn Sie nicht selbst aktiv werden wollen, k\u00f6nnen Sie einfach anderen interessanten Nutzern folgen.<\/p><p>Vimeo Datenschutz<br \/>Wir setzen auf unserer Website auch Videos der Firma Vimeo ein. Das Videoportal wird von der Vimeo LLC, 555 West 18th Street, New York, New York 10011, USA betrieben. Mit Hilfe eines Plug-Ins k\u00f6nnen wir Ihnen interessantes Videomaterial direkt auf unserer Website zeigen. Dabei k\u00f6nnen bestimmte Daten von Ihnen an Vimeo \u00fcbertragen werden. In dieser Datenschutzerkl\u00e4rung zeigen wir Ihnen, um welche Daten es sich handelt, warum wir Vimeo nutzen und wie Sie Ihre Daten bzw. die Daten\u00fcbertragung verwalten oder verhindern k\u00f6nnen.<\/p>\t\t\t\t\t\t\t\t<\/div>\n\t\t\t\t<\/div>\n\t\t\t\t\t<\/div>\n\t\t\t\t<\/div>\n\t\t\t\t<\/div>\n\t\t","protected":false},"excerpt":{"rendered":"<p>Angabe gem\u00e4\u00df \u00a75 TMG Inhaber Max Wigger Hansaring 2 48155 M\u00fcnster +49 176 57704822mail@kollektivdesgutenwillens.com Gestaltung und technische UmsetzungDavid Jakob Hirmer Haftung f\u00fcr InhalteDie Inhalte unserer Seiten wurden mit gr\u00f6\u00dfter Sorgfalt erstellt. F\u00fcr die Richtigkeit, Vollst\u00e4ndigkeit und Aktualit\u00e4t der Inhalte k\u00f6nnen wir jedoch keine Gew\u00e4hr \u00fcbernehmen. Als Diensteanbieter sind wir gem\u00e4\u00df \u00a7 7 Abs.1 TMG f\u00fcr [&hellip;]<\/p>\n","protected":false},"author":1,"featured_media":0,"parent":0,"menu_order":0,"comment_status":"closed","ping_status":"closed","template":"","meta":{"footnotes":""},"class_list":["post-313","page","type-page","status-publish","hentry"],"_links":{"self":[{"href":"https:\/\/kollektivdesgutenwillens.com\/index.php?rest_route=\/wp\/v2\/pages\/313","targetHints":{"allow":["GET"]}}],"collection":[{"href":"https:\/\/kollektivdesgutenwillens.com\/index.php?rest_route=\/wp\/v2\/pages"}],"about":[{"href":"https:\/\/kollektivdesgutenwillens.com\/index.php?rest_route=\/wp\/v2\/types\/page"}],"author":[{"embeddable":true,"href":"https:\/\/kollektivdesgutenwillens.com\/index.php?rest_route=\/wp\/v2\/users\/1"}],"replies":[{"embeddable":true,"href":"https:\/\/kollektivdesgutenwillens.com\/index.php?rest_route=%2Fwp%2Fv2%2Fcomments&post=313"}],"version-history":[{"count":12,"href":"https:\/\/kollektivdesgutenwillens.com\/index.php?rest_route=\/wp\/v2\/pages\/313\/revisions"}],"predecessor-version":[{"id":689,"href":"https:\/\/kollektivdesgutenwillens.com\/index.php?rest_route=\/wp\/v2\/pages\/313\/revisions\/689"}],"wp:attachment":[{"href":"https:\/\/kollektivdesgutenwillens.com\/index.php?rest_route=%2Fwp%2Fv2%2Fmedia&parent=313"}],"curies":[{"name":"wp","href":"https:\/\/api.w.org\/{rel}","templated":true}]}}