{"id":536,"date":"2025-08-20T22:11:54","date_gmt":"2025-08-20T20:11:54","guid":{"rendered":"https:\/\/kollektivdesgutenwillens.com\/?page_id=536"},"modified":"2025-12-08T14:12:21","modified_gmt":"2025-12-08T13:12:21","slug":"pressespiegel","status":"publish","type":"page","link":"https:\/\/kollektivdesgutenwillens.com\/?page_id=536","title":{"rendered":"Pressespiegel"},"content":{"rendered":"\t\t<div data-elementor-type=\"wp-page\" data-elementor-id=\"536\" class=\"elementor elementor-536\" data-elementor-post-type=\"page\">\n\t\t\t\t<div class=\"elementor-element elementor-element-9ebad79 e-flex e-con-boxed e-con e-parent\" data-id=\"9ebad79\" data-element_type=\"container\">\n\t\t\t\t\t<div class=\"e-con-inner\">\n\t\t<div class=\"elementor-element elementor-element-f0d968a e-con-full e-flex e-con e-child\" data-id=\"f0d968a\" data-element_type=\"container\">\n\t\t\t\t<\/div>\n\t\t<div class=\"elementor-element elementor-element-19cd64e e-con-full e-flex e-con e-child\" data-id=\"19cd64e\" data-element_type=\"container\">\n\t\t\t\t<div class=\"elementor-element elementor-element-1aee34f elementor-widget elementor-widget-text-editor\" data-id=\"1aee34f\" data-element_type=\"widget\" data-widget_type=\"text-editor.default\">\n\t\t\t\t\t\t\t\t\t<p>\u201eKollektiv des guten Willens\u201c stellt Spielfilm \u201eSeascape\u201c zur Diskussion<br \/><br \/><br \/>Alle schreiben flei\u00dfig am Text mit<br \/><br \/><br \/>M\u00fcnster Einen Film betrachten und zugleich Teil des Films sein? Das klingt absurd. Ist es aber nicht, wie die \u201eSeascape Reaction Performance\u201c in der Kunsthalle am Hawerkamp zeigt.<br \/><br \/><br \/>\u2013 Westf\u00e4lische Nachrichten<br \/><br \/><br \/><br \/>Diese Repr\u00e4sentanten feiern eine Party, die Speisekarte ist die Verfassung. Es wird menschlich, drinnen wie drau\u00dfen. Denn dort tobt das Volk mit Fackeln. Diese verfassungsgebende Versammlung ist kein intellektueller H\u00f6rsaal, sondern auch ein k\u00f6rperliches Ringen. Das Video stellt Fragen nach dem Verh\u00e4ltnis von Bev\u00f6lkerung und Politik<br \/><br \/><br \/>\u2013 M\u00fcnstersche Zeitung Gerhard Kock<br \/><br \/><br \/><br \/>https:\/\/www.wn.de\/muenster\/kultur\/dreharbeiten-seehotel-3130665?pid=true&amp;ueg=default<br \/><br \/><br \/>\u00abWir, die dasitzen\u00bb ist eine emotionale Performance, bei der das grosse schauspielerische Talent von Verena Buss voll zum Zug kommt. Ihre Stimme erklingt nicht nur live, sondern auch aus mehreren Monitoren. So entsteht ein mikroskopischer Einblick in die Gedankenwelt verschiedener Menschen, die sich in ihr als B\u00fchnenfigur b\u00fcndeln<br \/><br \/><br \/>\u2013 Ursula Burgherr<br \/><br \/><br \/><br \/>\u201cEs sind diese fast magischen Worte: \u201eRuhe bitte, wir drehen!\u201c, die den Poolbereich des Seehotels Krautkr\u00e4mer in eine besondere Atmosph\u00e4re tauchen. Jetzt ist nur noch das Pl\u00e4tschern des Wassers zu h\u00f6ren, durch das eine Statistin ihre Bahnen zieht. Optisch r\u00fcckt Emmanuel Edoror in den Fokus der Kamera \u2013 und den Menschen dahinter. Im Film wird es sp\u00e4ter so aussehen, als w\u00e4ren die Schwimmerin und der Fitness-Coach alleine im Raum. Tats\u00e4chlich sind es ein gutes Dutzend.\u201d<br \/><br \/><br \/>\u2013 Frank Zimmermann, WN<br \/><br \/><br \/><br \/>Ziemlich schnell wird klar: Das hier ist kein klassischer Historienfilm. [&#8230;] auf Schlachtget\u00fcmmel wartet der Zuschauer vergeblich. Anhand historischer Figuren, die das Geschehen teils durch die \u201evierte Wand\u201c hindurch kommentieren, erz\u00e4hlen die Filmemacher verschiedene Aspekte des Krieges aus, die sich auch auf die Gegenwart m\u00fcnzen lassen.<\/p><p>\u2013 Robin Gerke, WN<\/p>\t\t\t\t\t\t\t\t<\/div>\n\t\t\t\t<\/div>\n\t\t\t\t\t<\/div>\n\t\t\t\t<\/div>\n\t\t\t\t<\/div>\n\t\t","protected":false},"excerpt":{"rendered":"<p>\u201eKollektiv des guten Willens\u201c stellt Spielfilm \u201eSeascape\u201c zur Diskussion Alle schreiben flei\u00dfig am Text mit M\u00fcnster Einen Film betrachten und zugleich Teil des Films sein? Das klingt absurd. Ist es aber nicht, wie die \u201eSeascape Reaction Performance\u201c in der Kunsthalle am Hawerkamp zeigt. \u2013 Westf\u00e4lische Nachrichten Diese Repr\u00e4sentanten feiern eine Party, die Speisekarte ist die [&hellip;]<\/p>\n","protected":false},"author":1,"featured_media":0,"parent":0,"menu_order":0,"comment_status":"closed","ping_status":"closed","template":"","meta":{"footnotes":""},"class_list":["post-536","page","type-page","status-publish","hentry"],"_links":{"self":[{"href":"https:\/\/kollektivdesgutenwillens.com\/index.php?rest_route=\/wp\/v2\/pages\/536","targetHints":{"allow":["GET"]}}],"collection":[{"href":"https:\/\/kollektivdesgutenwillens.com\/index.php?rest_route=\/wp\/v2\/pages"}],"about":[{"href":"https:\/\/kollektivdesgutenwillens.com\/index.php?rest_route=\/wp\/v2\/types\/page"}],"author":[{"embeddable":true,"href":"https:\/\/kollektivdesgutenwillens.com\/index.php?rest_route=\/wp\/v2\/users\/1"}],"replies":[{"embeddable":true,"href":"https:\/\/kollektivdesgutenwillens.com\/index.php?rest_route=%2Fwp%2Fv2%2Fcomments&post=536"}],"version-history":[{"count":7,"href":"https:\/\/kollektivdesgutenwillens.com\/index.php?rest_route=\/wp\/v2\/pages\/536\/revisions"}],"predecessor-version":[{"id":736,"href":"https:\/\/kollektivdesgutenwillens.com\/index.php?rest_route=\/wp\/v2\/pages\/536\/revisions\/736"}],"wp:attachment":[{"href":"https:\/\/kollektivdesgutenwillens.com\/index.php?rest_route=%2Fwp%2Fv2%2Fmedia&parent=536"}],"curies":[{"name":"wp","href":"https:\/\/api.w.org\/{rel}","templated":true}]}}