{"id":577,"date":"2025-08-21T20:21:10","date_gmt":"2025-08-21T18:21:10","guid":{"rendered":"https:\/\/kollektivdesgutenwillens.com\/?page_id=577"},"modified":"2025-08-21T21:17:17","modified_gmt":"2025-08-21T19:17:17","slug":"josephine-duerr","status":"publish","type":"page","link":"https:\/\/kollektivdesgutenwillens.com\/?page_id=577","title":{"rendered":"Josephine D\u00fcrr"},"content":{"rendered":"\t\t<div data-elementor-type=\"wp-page\" data-elementor-id=\"577\" class=\"elementor elementor-577\" data-elementor-post-type=\"page\">\n\t\t\t\t<div class=\"elementor-element elementor-element-7b3114a e-flex e-con-boxed e-con e-parent\" data-id=\"7b3114a\" data-element_type=\"container\">\n\t\t\t\t\t<div class=\"e-con-inner\">\n\t\t<div class=\"elementor-element elementor-element-6eaed47 e-con-full e-flex e-con e-child\" data-id=\"6eaed47\" data-element_type=\"container\">\n\t\t\t\t<div class=\"elementor-element elementor-element-d780f78 elementor-widget elementor-widget-image\" data-id=\"d780f78\" data-element_type=\"widget\" data-widget_type=\"image.default\">\n\t\t\t\t\t\t\t\t\t\t\t\t\t\t\t<img fetchpriority=\"high\" decoding=\"async\" width=\"242\" height=\"300\" src=\"https:\/\/kollektivdesgutenwillens.com\/wp-content\/uploads\/2025\/08\/Bildschirmfoto-2025-05-26-um-15.29.38-242x300.png\" class=\"attachment-medium size-medium wp-image-359\" alt=\"\" srcset=\"https:\/\/kollektivdesgutenwillens.com\/wp-content\/uploads\/2025\/08\/Bildschirmfoto-2025-05-26-um-15.29.38-242x300.png 242w, https:\/\/kollektivdesgutenwillens.com\/wp-content\/uploads\/2025\/08\/Bildschirmfoto-2025-05-26-um-15.29.38.png 762w\" sizes=\"(max-width: 242px) 100vw, 242px\" \/>\t\t\t\t\t\t\t\t\t\t\t\t\t\t\t<\/div>\n\t\t\t\t<\/div>\n\t\t<div class=\"elementor-element elementor-element-6887fda e-con-full e-flex e-con e-child\" data-id=\"6887fda\" data-element_type=\"container\">\n\t\t\t\t<div class=\"elementor-element elementor-element-d97dbac elementor-widget elementor-widget-heading\" data-id=\"d97dbac\" data-element_type=\"widget\" data-widget_type=\"heading.default\">\n\t\t\t\t\t<h2 class=\"elementor-heading-title elementor-size-default\">Josephine D\u00fcrr (*2004 in Kapstadt) ist Medienk\u00fcnstlerin und lebt in Wien. Sie studiert an der Akademie der bildenden K\u00fcnste Wien in der Klasse f\u00fcr Video und Videoinstallation bei Dorit Margreiter, mit einem Erasmus-Aufenthalt am Central Saint Martins College in London.\nIhre video-basierten Arbeiten bewegen sich zwischen Realit\u00e4t und Wahrnehmung, zwischen Ironie und Alltag. Sie schafft R\u00e4ume, in denen sich Bedeutung nicht aufdr\u00e4ngt, sondern langsam einschleicht. Ihre Werke stellen keine direkten Fragen \u2013 sie er\u00f6ffnen M\u00f6glichkeitsr\u00e4ume, in denen das Politische beil\u00e4ufig, das Emotionale codiert und das Komische pr\u00e4zise gesetzt ist. Popkultur dient ihr dabei nicht als Zitat, sondern als Sprache.\nIn ihren Beitr\u00e4gen zum Kollektiv des guten Willens \u2013 etwa bei Roborasenm\u00e4her und Fcik Luther \u2013 zeigt sich ihr Interesse an kollektiven Konstellationen, an kontrolliertem Kontrollverlust und an Bildern, die mehr behaupten als erkl\u00e4ren.\n<\/h2>\t\t\t\t<\/div>\n\t\t\t\t<\/div>\n\t\t\t\t\t<\/div>\n\t\t\t\t<\/div>\n\t\t\t\t<\/div>\n\t\t","protected":false},"excerpt":{"rendered":"<p>Josephine D\u00fcrr (*2004 in Kapstadt) ist Medienk\u00fcnstlerin und lebt in Wien. Sie studiert an der Akademie der bildenden K\u00fcnste Wien in der Klasse f\u00fcr Video und Videoinstallation bei Dorit Margreiter, mit einem Erasmus-Aufenthalt am Central Saint Martins College in London. Ihre video-basierten Arbeiten bewegen sich zwischen Realit\u00e4t und Wahrnehmung, zwischen Ironie und Alltag. Sie schafft [&hellip;]<\/p>\n","protected":false},"author":1,"featured_media":0,"parent":0,"menu_order":0,"comment_status":"closed","ping_status":"closed","template":"","meta":{"footnotes":""},"class_list":["post-577","page","type-page","status-publish","hentry"],"_links":{"self":[{"href":"https:\/\/kollektivdesgutenwillens.com\/index.php?rest_route=\/wp\/v2\/pages\/577","targetHints":{"allow":["GET"]}}],"collection":[{"href":"https:\/\/kollektivdesgutenwillens.com\/index.php?rest_route=\/wp\/v2\/pages"}],"about":[{"href":"https:\/\/kollektivdesgutenwillens.com\/index.php?rest_route=\/wp\/v2\/types\/page"}],"author":[{"embeddable":true,"href":"https:\/\/kollektivdesgutenwillens.com\/index.php?rest_route=\/wp\/v2\/users\/1"}],"replies":[{"embeddable":true,"href":"https:\/\/kollektivdesgutenwillens.com\/index.php?rest_route=%2Fwp%2Fv2%2Fcomments&post=577"}],"version-history":[{"count":4,"href":"https:\/\/kollektivdesgutenwillens.com\/index.php?rest_route=\/wp\/v2\/pages\/577\/revisions"}],"predecessor-version":[{"id":601,"href":"https:\/\/kollektivdesgutenwillens.com\/index.php?rest_route=\/wp\/v2\/pages\/577\/revisions\/601"}],"wp:attachment":[{"href":"https:\/\/kollektivdesgutenwillens.com\/index.php?rest_route=%2Fwp%2Fv2%2Fmedia&parent=577"}],"curies":[{"name":"wp","href":"https:\/\/api.w.org\/{rel}","templated":true}]}}