{"id":579,"date":"2025-08-21T20:21:31","date_gmt":"2025-08-21T18:21:31","guid":{"rendered":"https:\/\/kollektivdesgutenwillens.com\/?page_id=579"},"modified":"2025-09-01T19:26:01","modified_gmt":"2025-09-01T17:26:01","slug":"mareike-fiege","status":"publish","type":"page","link":"https:\/\/kollektivdesgutenwillens.com\/?page_id=579","title":{"rendered":"Mareike Fiege"},"content":{"rendered":"\t\t<div data-elementor-type=\"wp-page\" data-elementor-id=\"579\" class=\"elementor elementor-579\" data-elementor-post-type=\"page\">\n\t\t\t\t<div class=\"elementor-element elementor-element-e48b4ba e-flex e-con-boxed e-con e-parent\" data-id=\"e48b4ba\" data-element_type=\"container\">\n\t\t\t\t\t<div class=\"e-con-inner\">\n\t\t<div class=\"elementor-element elementor-element-3f11f1b e-con-full e-flex e-con e-child\" data-id=\"3f11f1b\" data-element_type=\"container\">\n\t\t\t\t<div class=\"elementor-element elementor-element-18176b8 elementor-widget elementor-widget-image\" data-id=\"18176b8\" data-element_type=\"widget\" data-widget_type=\"image.default\">\n\t\t\t\t\t\t\t\t\t\t\t\t\t\t\t<img fetchpriority=\"high\" decoding=\"async\" width=\"800\" height=\"534\" src=\"https:\/\/kollektivdesgutenwillens.com\/wp-content\/uploads\/2025\/08\/Hanna-Retz-Photography-05133-1024x683.jpg\" class=\"attachment-large size-large wp-image-358\" alt=\"\" srcset=\"https:\/\/kollektivdesgutenwillens.com\/wp-content\/uploads\/2025\/08\/Hanna-Retz-Photography-05133-1024x683.jpg 1024w, https:\/\/kollektivdesgutenwillens.com\/wp-content\/uploads\/2025\/08\/Hanna-Retz-Photography-05133-300x200.jpg 300w, https:\/\/kollektivdesgutenwillens.com\/wp-content\/uploads\/2025\/08\/Hanna-Retz-Photography-05133-768x512.jpg 768w, https:\/\/kollektivdesgutenwillens.com\/wp-content\/uploads\/2025\/08\/Hanna-Retz-Photography-05133-1536x1024.jpg 1536w, https:\/\/kollektivdesgutenwillens.com\/wp-content\/uploads\/2025\/08\/Hanna-Retz-Photography-05133-2048x1366.jpg 2048w\" sizes=\"(max-width: 800px) 100vw, 800px\" \/>\t\t\t\t\t\t\t\t\t\t\t\t\t\t\t<\/div>\n\t\t\t\t<\/div>\n\t\t<div class=\"elementor-element elementor-element-5ff7e4f e-con-full e-flex e-con e-child\" data-id=\"5ff7e4f\" data-element_type=\"container\">\n\t\t\t\t<div class=\"elementor-element elementor-element-e430e54 elementor-widget elementor-widget-heading\" data-id=\"e430e54\" data-element_type=\"widget\" data-widget_type=\"heading.default\">\n\t\t\t\t\t<h2 class=\"elementor-heading-title elementor-size-default\">Mareike Fiege ist freie Regisseur*in, Produktionsleiter*in und Performer*in, vornehmlich in M\u00fcnster und dem Ruhrgebiet. Fieges Regiearbeiten funktionieren zumeist textzentriert, gehen in Extreme und werden von Bildender Kunst bis Sport interdisziplin\u00e4r erarbeitet. Inhaltliche Schwerpunkte liegen auf verschiedenen Strategien zur Bek\u00e4mpfung des Patriarchats - feministische Lesarten der zugrunde liegenden Texte werden in den Vordergrund gestellt. \n\nDas von Fiege mitgegr\u00fcndete Theaterlabel fiege_mletzko produziert seit 2019 St\u00fccke am Theater im Pumpenhaus M\u00fcnster. Die aktuellste Arbeit des Labels, Feels Like Falling (AT), wird im Oktober 2025 Premiere feiern und entsteht in Zusammenarbeit mit Sportler*innen der Mountainbike- und Motocrossszene. \n\n2024 wurde Fieges Romanadaption Bei Schlechtwetter bleiben Eidechsen zu Hause als Urauff\u00fchrung des gleichnamigen Romans der \u00f6sterreichischen Autorin Nadine Kegele auf der Burg H\u00fclshoff am Center for Literature gezeigt (Koproduktion: Center for Literature, Theater im Pumpenhaus). \n\n2024\/25 arbeitete Fiege als Regieassistenz f\u00fcr die Tanztheaterkompanie bodytalk und trat in deren St\u00fcck Host Club - Last Art Standing zudem als Performer*in auf.\n\nFiege ist Teil des Schreibkollektivs Feige, Glanz &amp; Fervor, welches 2025 im Rahmen von WEST OFF NRW f\u00fcr die Arbeit Queering Of Age mit dem FFT D\u00fcsseldorf kooperiert. \n\nDerzeit absolviert Fiege den Masterstudiengang Szenische Forschung an der\nRuhr-Universit\u00e4t Bochum.\n<\/h2>\t\t\t\t<\/div>\n\t\t\t\t<\/div>\n\t\t\t\t\t<\/div>\n\t\t\t\t<\/div>\n\t\t<div class=\"elementor-element elementor-element-c682f43 e-flex e-con-boxed e-con e-parent\" data-id=\"c682f43\" data-element_type=\"container\">\n\t\t\t\t\t<div class=\"e-con-inner\">\n\t\t<div class=\"elementor-element elementor-element-264b304 e-con-full e-flex e-con e-child\" data-id=\"264b304\" data-element_type=\"container\">\n\t\t\t\t<\/div>\n\t\t<div class=\"elementor-element elementor-element-7aa9ebc e-con-full e-flex e-con e-child\" data-id=\"7aa9ebc\" data-element_type=\"container\">\n\t\t\t\t<div class=\"elementor-element elementor-element-225fe4b elementor-widget elementor-widget-video\" data-id=\"225fe4b\" data-element_type=\"widget\" data-settings=\"{&quot;youtube_url&quot;:&quot;https:\\\/\\\/www.youtube.com\\\/watch?v=F6281SAYSVg&quot;,&quot;video_type&quot;:&quot;youtube&quot;,&quot;controls&quot;:&quot;yes&quot;}\" data-widget_type=\"video.default\">\n\t\t\t\t\t\t\t<div class=\"elementor-wrapper elementor-open-inline\">\n\t\t\t<div class=\"elementor-video\"><\/div>\t\t<\/div>\n\t\t\t\t\t\t<\/div>\n\t\t\t\t<div class=\"elementor-element elementor-element-38df338 elementor-widget elementor-widget-video\" data-id=\"38df338\" data-element_type=\"widget\" data-settings=\"{&quot;youtube_url&quot;:&quot;https:\\\/\\\/www.youtube.com\\\/watch?v=12mb7yjGAjE&quot;,&quot;video_type&quot;:&quot;youtube&quot;,&quot;controls&quot;:&quot;yes&quot;}\" data-widget_type=\"video.default\">\n\t\t\t\t\t\t\t<div class=\"elementor-wrapper elementor-open-inline\">\n\t\t\t<div class=\"elementor-video\"><\/div>\t\t<\/div>\n\t\t\t\t\t\t<\/div>\n\t\t\t\t<div class=\"elementor-element elementor-element-dd34737 elementor-widget elementor-widget-video\" data-id=\"dd34737\" data-element_type=\"widget\" data-settings=\"{&quot;video_type&quot;:&quot;hosted&quot;,&quot;controls&quot;:&quot;yes&quot;}\" data-widget_type=\"video.default\">\n\t\t\t\t\t\t\t<div class=\"e-hosted-video elementor-wrapper elementor-open-inline\">\n\t\t\t\t\t<video class=\"elementor-video\" src=\"http:\/\/www.bodytalkonline.de\/assets\/host-club-bodytalk.mp4\" controls=\"\" preload=\"metadata\" controlsList=\"nodownload\"><\/video>\n\t\t\t\t<\/div>\n\t\t\t\t\t\t<\/div>\n\t\t\t\t<\/div>\n\t\t\t\t\t<\/div>\n\t\t\t\t<\/div>\n\t\t\t\t<\/div>\n\t\t","protected":false},"excerpt":{"rendered":"<p>Mareike Fiege ist freie Regisseur*in, Produktionsleiter*in und Performer*in, vornehmlich in M\u00fcnster und dem Ruhrgebiet. Fieges Regiearbeiten funktionieren zumeist textzentriert, gehen in Extreme und werden von Bildender Kunst bis Sport interdisziplin\u00e4r erarbeitet. Inhaltliche Schwerpunkte liegen auf verschiedenen Strategien zur Bek\u00e4mpfung des Patriarchats &#8211; feministische Lesarten der zugrunde liegenden Texte werden in den Vordergrund gestellt. Das von [&hellip;]<\/p>\n","protected":false},"author":1,"featured_media":0,"parent":0,"menu_order":0,"comment_status":"closed","ping_status":"closed","template":"","meta":{"footnotes":""},"class_list":["post-579","page","type-page","status-publish","hentry"],"_links":{"self":[{"href":"https:\/\/kollektivdesgutenwillens.com\/index.php?rest_route=\/wp\/v2\/pages\/579","targetHints":{"allow":["GET"]}}],"collection":[{"href":"https:\/\/kollektivdesgutenwillens.com\/index.php?rest_route=\/wp\/v2\/pages"}],"about":[{"href":"https:\/\/kollektivdesgutenwillens.com\/index.php?rest_route=\/wp\/v2\/types\/page"}],"author":[{"embeddable":true,"href":"https:\/\/kollektivdesgutenwillens.com\/index.php?rest_route=\/wp\/v2\/users\/1"}],"replies":[{"embeddable":true,"href":"https:\/\/kollektivdesgutenwillens.com\/index.php?rest_route=%2Fwp%2Fv2%2Fcomments&post=579"}],"version-history":[{"count":10,"href":"https:\/\/kollektivdesgutenwillens.com\/index.php?rest_route=\/wp\/v2\/pages\/579\/revisions"}],"predecessor-version":[{"id":669,"href":"https:\/\/kollektivdesgutenwillens.com\/index.php?rest_route=\/wp\/v2\/pages\/579\/revisions\/669"}],"wp:attachment":[{"href":"https:\/\/kollektivdesgutenwillens.com\/index.php?rest_route=%2Fwp%2Fv2%2Fmedia&parent=579"}],"curies":[{"name":"wp","href":"https:\/\/api.w.org\/{rel}","templated":true}]}}