{"id":581,"date":"2025-08-21T20:21:49","date_gmt":"2025-08-21T18:21:49","guid":{"rendered":"https:\/\/kollektivdesgutenwillens.com\/?page_id=581"},"modified":"2025-08-21T21:19:01","modified_gmt":"2025-08-21T19:19:01","slug":"louise-lee-guther","status":"publish","type":"page","link":"https:\/\/kollektivdesgutenwillens.com\/?page_id=581","title":{"rendered":"Louise Lee Guther"},"content":{"rendered":"\t\t<div data-elementor-type=\"wp-page\" data-elementor-id=\"581\" class=\"elementor elementor-581\" data-elementor-post-type=\"page\">\n\t\t\t\t<div class=\"elementor-element elementor-element-a58aaef e-flex e-con-boxed e-con e-parent\" data-id=\"a58aaef\" data-element_type=\"container\">\n\t\t\t\t\t<div class=\"e-con-inner\">\n\t\t<div class=\"elementor-element elementor-element-ec968dc e-con-full e-flex e-con e-child\" data-id=\"ec968dc\" data-element_type=\"container\">\n\t\t\t\t<div class=\"elementor-element elementor-element-630c4a5 elementor-hidden-desktop elementor-hidden-tablet elementor-hidden-mobile elementor-widget elementor-widget-image\" data-id=\"630c4a5\" data-element_type=\"widget\" data-widget_type=\"image.default\">\n\t\t\t\t\t\t\t\t\t\t\t\t\t\t\t<img decoding=\"async\" src=\"https:\/\/kollektivdesgutenwillens.com\/wp-content\/plugins\/elementor\/assets\/images\/placeholder.png\" title=\"\" alt=\"\" loading=\"lazy\" \/>\t\t\t\t\t\t\t\t\t\t\t\t\t\t\t<\/div>\n\t\t\t\t<\/div>\n\t\t<div class=\"elementor-element elementor-element-b35e707 e-con-full e-flex e-con e-child\" data-id=\"b35e707\" data-element_type=\"container\">\n\t\t\t\t<div class=\"elementor-element elementor-element-38ddebd elementor-widget elementor-widget-heading\" data-id=\"38ddebd\" data-element_type=\"widget\" data-widget_type=\"heading.default\">\n\t\t\t\t\t<h2 class=\"elementor-heading-title elementor-size-default\">Louise Lee Guther ist 2002 in Berlin geboren und schreibt jetzt meistens irgendwo zwischen dort und Wien, am liebsten in Z\u00fcgen oder auf Wiesen liegend.\n\nSie schlie\u00dft gerade ihren Bachelor in allgemeiner und vergleichender Literaturwissenschaft an der Universit\u00e4t Wien ab und hat ihre Nase w\u00e4hrenddessen in unterschiedlichen Dingen: Manchmal liest sie ihre Texte vor und fotografiert Menschen, denen sie begegnet. Sie schwirrt als Runnerin, Produktionsassistentin oder Ausstatterin gerne an Sets rum und entwickelt gerade ihr erstes Drehbuch. \n\nIn ihren kreativen Arbeiten interessiert sie sich besonders f\u00fcr zwischen menschliche R\u00e4ume, f\u00fcr gro\u00dfe Gef\u00fchle und f\u00fcr alles, wof\u00fcr man sich sch\u00e4men k\u00f6nnte.\n<\/h2>\t\t\t\t<\/div>\n\t\t\t\t<\/div>\n\t\t\t\t\t<\/div>\n\t\t\t\t<\/div>\n\t\t\t\t<\/div>\n\t\t","protected":false},"excerpt":{"rendered":"<p>Louise Lee Guther ist 2002 in Berlin geboren und schreibt jetzt meistens irgendwo zwischen dort und Wien, am liebsten in Z\u00fcgen oder auf Wiesen liegend. Sie schlie\u00dft gerade ihren Bachelor in allgemeiner und vergleichender Literaturwissenschaft an der Universit\u00e4t Wien ab und hat ihre Nase w\u00e4hrenddessen in unterschiedlichen Dingen: Manchmal liest sie ihre Texte vor und [&hellip;]<\/p>\n","protected":false},"author":1,"featured_media":0,"parent":0,"menu_order":0,"comment_status":"closed","ping_status":"closed","template":"","meta":{"footnotes":""},"class_list":["post-581","page","type-page","status-publish","hentry"],"_links":{"self":[{"href":"https:\/\/kollektivdesgutenwillens.com\/index.php?rest_route=\/wp\/v2\/pages\/581","targetHints":{"allow":["GET"]}}],"collection":[{"href":"https:\/\/kollektivdesgutenwillens.com\/index.php?rest_route=\/wp\/v2\/pages"}],"about":[{"href":"https:\/\/kollektivdesgutenwillens.com\/index.php?rest_route=\/wp\/v2\/types\/page"}],"author":[{"embeddable":true,"href":"https:\/\/kollektivdesgutenwillens.com\/index.php?rest_route=\/wp\/v2\/users\/1"}],"replies":[{"embeddable":true,"href":"https:\/\/kollektivdesgutenwillens.com\/index.php?rest_route=%2Fwp%2Fv2%2Fcomments&post=581"}],"version-history":[{"count":4,"href":"https:\/\/kollektivdesgutenwillens.com\/index.php?rest_route=\/wp\/v2\/pages\/581\/revisions"}],"predecessor-version":[{"id":607,"href":"https:\/\/kollektivdesgutenwillens.com\/index.php?rest_route=\/wp\/v2\/pages\/581\/revisions\/607"}],"wp:attachment":[{"href":"https:\/\/kollektivdesgutenwillens.com\/index.php?rest_route=%2Fwp%2Fv2%2Fmedia&parent=581"}],"curies":[{"name":"wp","href":"https:\/\/api.w.org\/{rel}","templated":true}]}}