{"id":585,"date":"2025-08-21T20:22:23","date_gmt":"2025-08-21T18:22:23","guid":{"rendered":"https:\/\/kollektivdesgutenwillens.com\/?page_id=585"},"modified":"2025-09-01T17:24:07","modified_gmt":"2025-09-01T15:24:07","slug":"johannes-hoelker","status":"publish","type":"page","link":"https:\/\/kollektivdesgutenwillens.com\/?page_id=585","title":{"rendered":"Johannes H\u00f6lker"},"content":{"rendered":"\t\t<div data-elementor-type=\"wp-page\" data-elementor-id=\"585\" class=\"elementor elementor-585\" data-elementor-post-type=\"page\">\n\t\t\t\t<div class=\"elementor-element elementor-element-e70cc06 e-flex e-con-boxed e-con e-parent\" data-id=\"e70cc06\" data-element_type=\"container\">\n\t\t\t\t\t<div class=\"e-con-inner\">\n\t\t<div class=\"elementor-element elementor-element-4142d87 e-con-full e-flex e-con e-child\" data-id=\"4142d87\" data-element_type=\"container\">\n\t\t\t\t<div class=\"elementor-element elementor-element-e7cbce8 elementor-widget elementor-widget-image\" data-id=\"e7cbce8\" data-element_type=\"widget\" data-widget_type=\"image.default\">\n\t\t\t\t\t\t\t\t\t\t\t\t\t\t\t<img fetchpriority=\"high\" decoding=\"async\" width=\"800\" height=\"532\" src=\"https:\/\/kollektivdesgutenwillens.com\/wp-content\/uploads\/2025\/08\/DSC_6386-1024x681.jpg\" class=\"attachment-large size-large wp-image-356\" alt=\"\" srcset=\"https:\/\/kollektivdesgutenwillens.com\/wp-content\/uploads\/2025\/08\/DSC_6386-1024x681.jpg 1024w, https:\/\/kollektivdesgutenwillens.com\/wp-content\/uploads\/2025\/08\/DSC_6386-300x200.jpg 300w, https:\/\/kollektivdesgutenwillens.com\/wp-content\/uploads\/2025\/08\/DSC_6386-768x511.jpg 768w, https:\/\/kollektivdesgutenwillens.com\/wp-content\/uploads\/2025\/08\/DSC_6386-1536x1022.jpg 1536w, https:\/\/kollektivdesgutenwillens.com\/wp-content\/uploads\/2025\/08\/DSC_6386-2048x1363.jpg 2048w\" sizes=\"(max-width: 800px) 100vw, 800px\" \/>\t\t\t\t\t\t\t\t\t\t\t\t\t\t\t<\/div>\n\t\t\t\t<\/div>\n\t\t<div class=\"elementor-element elementor-element-01800f4 e-con-full e-flex e-con e-child\" data-id=\"01800f4\" data-element_type=\"container\">\n\t\t\t\t<div class=\"elementor-element elementor-element-c29d864 elementor-widget elementor-widget-heading\" data-id=\"c29d864\" data-element_type=\"widget\" data-widget_type=\"heading.default\">\n\t\t\t\t\t<h2 class=\"elementor-heading-title elementor-size-default\">Johannes H\u00f6lker wurde 1994 in M\u00fcnster geboren und arbeitet als Kameramann, Mediendesigner und Editor. Er ist Mitbegr\u00fcnder des Kollektiv des guten Willens und arbeitet seit 2020 als DP an Filmprojekten und Videoinstallationen des Kollektivs. (u.a. Nicht in bester Verfassung 2021, Seascape 2023, Dieses eine Leben 2025) Er lebt in Berlin und studiert seit 2024 Cinematographie an der Filmuniversit\u00e4t Babelsberg Konrad Wolf.\n<\/h2>\t\t\t\t<\/div>\n\t\t\t\t<\/div>\n\t\t\t\t\t<\/div>\n\t\t\t\t<\/div>\n\t\t<div class=\"elementor-element elementor-element-99676e5 e-flex e-con-boxed e-con e-parent\" data-id=\"99676e5\" data-element_type=\"container\">\n\t\t\t\t\t<div class=\"e-con-inner\">\n\t\t<div class=\"elementor-element elementor-element-fcfaade e-con-full e-flex e-con e-child\" data-id=\"fcfaade\" data-element_type=\"container\">\n\t\t\t\t<\/div>\n\t\t<div class=\"elementor-element elementor-element-348474f e-con-full e-flex e-con e-child\" data-id=\"348474f\" data-element_type=\"container\">\n\t\t\t\t<div class=\"elementor-element elementor-element-5feac96 elementor-widget elementor-widget-video\" data-id=\"5feac96\" data-element_type=\"widget\" data-settings=\"{&quot;video_type&quot;:&quot;vimeo&quot;}\" data-widget_type=\"video.default\">\n\t\t\t\t\t\t\t<div class=\"elementor-wrapper elementor-open-inline\">\n\t\t\t<iframe class=\"elementor-video-iframe\" allowfullscreen allow=\"clipboard-write\" title=\"vimeo Video Player\" src=\"https:\/\/player.vimeo.com\/video\/1093331289?color&amp;autopause=0&amp;loop=0&amp;muted=0&amp;title=1&amp;portrait=1&amp;byline=1#t=\"><\/iframe>\t\t<\/div>\n\t\t\t\t\t\t<\/div>\n\t\t\t\t<\/div>\n\t\t\t\t\t<\/div>\n\t\t\t\t<\/div>\n\t\t\t\t<\/div>\n\t\t","protected":false},"excerpt":{"rendered":"<p>Johannes H\u00f6lker wurde 1994 in M\u00fcnster geboren und arbeitet als Kameramann, Mediendesigner und Editor. Er ist Mitbegr\u00fcnder des Kollektiv des guten Willens und arbeitet seit 2020 als DP an Filmprojekten und Videoinstallationen des Kollektivs. (u.a. Nicht in bester Verfassung 2021, Seascape 2023, Dieses eine Leben 2025) Er lebt in Berlin und studiert seit 2024 Cinematographie [&hellip;]<\/p>\n","protected":false},"author":1,"featured_media":0,"parent":0,"menu_order":0,"comment_status":"closed","ping_status":"closed","template":"","meta":{"footnotes":""},"class_list":["post-585","page","type-page","status-publish","hentry"],"_links":{"self":[{"href":"https:\/\/kollektivdesgutenwillens.com\/index.php?rest_route=\/wp\/v2\/pages\/585","targetHints":{"allow":["GET"]}}],"collection":[{"href":"https:\/\/kollektivdesgutenwillens.com\/index.php?rest_route=\/wp\/v2\/pages"}],"about":[{"href":"https:\/\/kollektivdesgutenwillens.com\/index.php?rest_route=\/wp\/v2\/types\/page"}],"author":[{"embeddable":true,"href":"https:\/\/kollektivdesgutenwillens.com\/index.php?rest_route=\/wp\/v2\/users\/1"}],"replies":[{"embeddable":true,"href":"https:\/\/kollektivdesgutenwillens.com\/index.php?rest_route=%2Fwp%2Fv2%2Fcomments&post=585"}],"version-history":[{"count":7,"href":"https:\/\/kollektivdesgutenwillens.com\/index.php?rest_route=\/wp\/v2\/pages\/585\/revisions"}],"predecessor-version":[{"id":632,"href":"https:\/\/kollektivdesgutenwillens.com\/index.php?rest_route=\/wp\/v2\/pages\/585\/revisions\/632"}],"wp:attachment":[{"href":"https:\/\/kollektivdesgutenwillens.com\/index.php?rest_route=%2Fwp%2Fv2%2Fmedia&parent=585"}],"curies":[{"name":"wp","href":"https:\/\/api.w.org\/{rel}","templated":true}]}}