{"id":587,"date":"2025-08-21T20:22:38","date_gmt":"2025-08-21T18:22:38","guid":{"rendered":"https:\/\/kollektivdesgutenwillens.com\/?page_id=587"},"modified":"2025-08-21T21:24:46","modified_gmt":"2025-08-21T19:24:46","slug":"julia-pitsch","status":"publish","type":"page","link":"https:\/\/kollektivdesgutenwillens.com\/?page_id=587","title":{"rendered":"Julia Pitsch"},"content":{"rendered":"\t\t<div data-elementor-type=\"wp-page\" data-elementor-id=\"587\" class=\"elementor elementor-587\" data-elementor-post-type=\"page\">\n\t\t\t\t<div class=\"elementor-element elementor-element-7384fae e-flex e-con-boxed e-con e-parent\" data-id=\"7384fae\" data-element_type=\"container\">\n\t\t\t\t\t<div class=\"e-con-inner\">\n\t\t<div class=\"elementor-element elementor-element-57474b4 e-con-full e-flex e-con e-child\" data-id=\"57474b4\" data-element_type=\"container\">\n\t\t\t\t<div class=\"elementor-element elementor-element-898c895 elementor-widget elementor-widget-image\" data-id=\"898c895\" data-element_type=\"widget\" data-widget_type=\"image.default\">\n\t\t\t\t\t\t\t\t\t\t\t\t\t\t\t<img fetchpriority=\"high\" decoding=\"async\" width=\"200\" height=\"300\" src=\"https:\/\/kollektivdesgutenwillens.com\/wp-content\/uploads\/2025\/08\/IMG_3408-200x300.jpg\" class=\"attachment-medium size-medium wp-image-355\" alt=\"\" srcset=\"https:\/\/kollektivdesgutenwillens.com\/wp-content\/uploads\/2025\/08\/IMG_3408-200x300.jpg 200w, https:\/\/kollektivdesgutenwillens.com\/wp-content\/uploads\/2025\/08\/IMG_3408-683x1024.jpg 683w, https:\/\/kollektivdesgutenwillens.com\/wp-content\/uploads\/2025\/08\/IMG_3408-768x1152.jpg 768w, https:\/\/kollektivdesgutenwillens.com\/wp-content\/uploads\/2025\/08\/IMG_3408-1024x1536.jpg 1024w, https:\/\/kollektivdesgutenwillens.com\/wp-content\/uploads\/2025\/08\/IMG_3408-1365x2048.jpg 1365w, https:\/\/kollektivdesgutenwillens.com\/wp-content\/uploads\/2025\/08\/IMG_3408-scaled.jpg 1707w\" sizes=\"(max-width: 200px) 100vw, 200px\" \/>\t\t\t\t\t\t\t\t\t\t\t\t\t\t\t<\/div>\n\t\t\t\t<\/div>\n\t\t<div class=\"elementor-element elementor-element-413bb13 e-con-full e-flex e-con e-child\" data-id=\"413bb13\" data-element_type=\"container\">\n\t\t\t\t<div class=\"elementor-element elementor-element-6b2cd74 elementor-widget elementor-widget-heading\" data-id=\"6b2cd74\" data-element_type=\"widget\" data-widget_type=\"heading.default\">\n\t\t\t\t\t<h2 class=\"elementor-heading-title elementor-size-default\">Julia Pitsch ist 1999 in Wien geboren und aufgewachsen.\nSie spielte bereits in ihrer Jugend im Theaterclub des Wiener Volkstheaters und in einer\nProduktion der JungenBurg.\nAnschlie\u00dfend begann sie 2017 ihr Schauspielstudium an der Hochschule f\u00fcr Musik und\nDarstellende Kunst Frankfurt am Main (HfMDK). W\u00e4hrend dieser Zeit gastierte sie bereits am\nSchauspiel Frankfurt und sammelte Erfahrung in der Freien Szene. Sie arbeitete unter anderem\nmit Barbara B\u00fcrk, Sahar Rezeair und Werner W\u00f6lbern.\nIm Sommer 2021 schloss Julia im Zuge ihrer Diplominszenierung erfolgreich ihr Studium ab. Sie\nschrieb ein Ein-Personen St\u00fcck und brachte dieses im Zuge ihres Abschlusses als Urauff\u00fchrung\nauf die B\u00fchne.\nSeither arbeitet sie als freischaffende Schauspielerin. Es folgten Gastengagements am Schauspiel\nFrankfurt, dem Theater Regensburg und dem Burgtheater Wien. Auch in der Freien Szene im\nTheater am Werk, dem Bronski &amp; Gr\u00fcnberg und den Wiener Festwochen.\n2024 war sie Teil des Mentoring Programms der Akademie des \u00d6sterreichischen Films und ist\nseither Mentee von Ursula Strauss.\nIm Sommer 2025 studierte Julia an der RADA in London und arbeitete mit internationalen\nKolleg:innen und Regisseur:innen, unter anderem Nona Shepphard.\nJulia schreibt weiterhin Texte und entwickelt eigene Projekte. Sie besch\u00e4ftigt sich in ihrer Arbeit\nbesonders mit einem feministischen Blick auf popkulturelle und historische Ereignisse. Sie\narbeitet und lebt in Wien.<\/h2>\t\t\t\t<\/div>\n\t\t\t\t<\/div>\n\t\t\t\t\t<\/div>\n\t\t\t\t<\/div>\n\t\t\t\t<\/div>\n\t\t","protected":false},"excerpt":{"rendered":"<p>Julia Pitsch ist 1999 in Wien geboren und aufgewachsen. Sie spielte bereits in ihrer Jugend im Theaterclub des Wiener Volkstheaters und in einer Produktion der JungenBurg. Anschlie\u00dfend begann sie 2017 ihr Schauspielstudium an der Hochschule f\u00fcr Musik und Darstellende Kunst Frankfurt am Main (HfMDK). W\u00e4hrend dieser Zeit gastierte sie bereits am Schauspiel Frankfurt und sammelte [&hellip;]<\/p>\n","protected":false},"author":1,"featured_media":0,"parent":0,"menu_order":0,"comment_status":"closed","ping_status":"closed","template":"","meta":{"footnotes":""},"class_list":["post-587","page","type-page","status-publish","hentry"],"_links":{"self":[{"href":"https:\/\/kollektivdesgutenwillens.com\/index.php?rest_route=\/wp\/v2\/pages\/587","targetHints":{"allow":["GET"]}}],"collection":[{"href":"https:\/\/kollektivdesgutenwillens.com\/index.php?rest_route=\/wp\/v2\/pages"}],"about":[{"href":"https:\/\/kollektivdesgutenwillens.com\/index.php?rest_route=\/wp\/v2\/types\/page"}],"author":[{"embeddable":true,"href":"https:\/\/kollektivdesgutenwillens.com\/index.php?rest_route=\/wp\/v2\/users\/1"}],"replies":[{"embeddable":true,"href":"https:\/\/kollektivdesgutenwillens.com\/index.php?rest_route=%2Fwp%2Fv2%2Fcomments&post=587"}],"version-history":[{"count":4,"href":"https:\/\/kollektivdesgutenwillens.com\/index.php?rest_route=\/wp\/v2\/pages\/587\/revisions"}],"predecessor-version":[{"id":622,"href":"https:\/\/kollektivdesgutenwillens.com\/index.php?rest_route=\/wp\/v2\/pages\/587\/revisions\/622"}],"wp:attachment":[{"href":"https:\/\/kollektivdesgutenwillens.com\/index.php?rest_route=%2Fwp%2Fv2%2Fmedia&parent=587"}],"curies":[{"name":"wp","href":"https:\/\/api.w.org\/{rel}","templated":true}]}}