{"id":62,"date":"2025-08-08T18:01:40","date_gmt":"2025-08-08T16:01:40","guid":{"rendered":"https:\/\/kollektivdesgutenwillens.com\/?page_id=62"},"modified":"2025-12-08T14:11:01","modified_gmt":"2025-12-08T13:11:01","slug":"team","status":"publish","type":"page","link":"https:\/\/kollektivdesgutenwillens.com\/?page_id=62","title":{"rendered":"Team"},"content":{"rendered":"\t\t<div data-elementor-type=\"wp-page\" data-elementor-id=\"62\" class=\"elementor elementor-62\" data-elementor-post-type=\"page\">\n\t\t\t\t<div class=\"elementor-element elementor-element-7502904 e-flex e-con-boxed e-con e-parent\" data-id=\"7502904\" data-element_type=\"container\">\n\t\t\t\t\t<div class=\"e-con-inner\">\n\t\t<div class=\"elementor-element elementor-element-a15b669 e-con-full e-flex e-con e-child\" data-id=\"a15b669\" data-element_type=\"container\">\n\t\t<div class=\"elementor-element elementor-element-7e93095 e-con-full e-flex e-con e-child\" data-id=\"7e93095\" data-element_type=\"container\">\n\t\t\t\t<\/div>\n\t\t<div class=\"elementor-element elementor-element-79531d4 e-con-full e-flex e-con e-child\" data-id=\"79531d4\" data-element_type=\"container\">\n\t\t\t\t<div class=\"elementor-element elementor-element-0f5697e elementor-widget elementor-widget-heading\" data-id=\"0f5697e\" data-element_type=\"widget\" data-widget_type=\"heading.default\">\n\t\t\t\t\t<h2 class=\"elementor-heading-title elementor-size-default\"><a href=\"https:\/\/kollektivdesgutenwillens.com\/?page_id=573\">Lis Demiri<\/a><\/h2>\t\t\t\t<\/div>\n\t\t\t\t<div class=\"elementor-element elementor-element-614dae6 elementor-widget elementor-widget-heading\" data-id=\"614dae6\" data-element_type=\"widget\" data-widget_type=\"heading.default\">\n\t\t\t\t\t<h2 class=\"elementor-heading-title elementor-size-default\"><a href=\"https:\/\/kollektivdesgutenwillens.com\/?page_id=577\">Josephine D\u00fcrr<\/a><\/h2>\t\t\t\t<\/div>\n\t\t\t\t<div class=\"elementor-element elementor-element-ad6c8ac elementor-widget elementor-widget-heading\" data-id=\"ad6c8ac\" data-element_type=\"widget\" data-widget_type=\"heading.default\">\n\t\t\t\t\t<h2 class=\"elementor-heading-title elementor-size-default\"><a href=\"https:\/\/kollektivdesgutenwillens.com\/?page_id=579\">Mareike Fiege<\/a><\/h2>\t\t\t\t<\/div>\n\t\t\t\t<div class=\"elementor-element elementor-element-c7a505d elementor-widget elementor-widget-heading\" data-id=\"c7a505d\" data-element_type=\"widget\" data-widget_type=\"heading.default\">\n\t\t\t\t\t<h2 class=\"elementor-heading-title elementor-size-default\"><a href=\"https:\/\/kollektivdesgutenwillens.com\/?page_id=581\">Louise Lee Guther<\/a><\/h2>\t\t\t\t<\/div>\n\t\t\t\t<div class=\"elementor-element elementor-element-067e4a4 elementor-widget elementor-widget-heading\" data-id=\"067e4a4\" data-element_type=\"widget\" data-widget_type=\"heading.default\">\n\t\t\t\t\t<h2 class=\"elementor-heading-title elementor-size-default\"><a href=\"https:\/\/kollektivdesgutenwillens.com\/?page_id=583\">Kai G\u00f6tting<\/a><\/h2>\t\t\t\t<\/div>\n\t\t\t\t<div class=\"elementor-element elementor-element-ad6c3cf elementor-widget elementor-widget-heading\" data-id=\"ad6c3cf\" data-element_type=\"widget\" data-widget_type=\"heading.default\">\n\t\t\t\t\t<h2 class=\"elementor-heading-title elementor-size-default\"><a href=\"https:\/\/kollektivdesgutenwillens.com\/?page_id=585\">Johannes H\u00f6lker<\/a><\/h2>\t\t\t\t<\/div>\n\t\t\t\t<div class=\"elementor-element elementor-element-17ecabc elementor-widget elementor-widget-heading\" data-id=\"17ecabc\" data-element_type=\"widget\" data-widget_type=\"heading.default\">\n\t\t\t\t\t<h2 class=\"elementor-heading-title elementor-size-default\"><a href=\"https:\/\/kollektivdesgutenwillens.com\/?page_id=673\">Carla-Frieda Nettelnbreker<\/a><\/h2>\t\t\t\t<\/div>\n\t\t\t\t<div class=\"elementor-element elementor-element-c2663e8 elementor-widget elementor-widget-heading\" data-id=\"c2663e8\" data-element_type=\"widget\" data-widget_type=\"heading.default\">\n\t\t\t\t\t<h2 class=\"elementor-heading-title elementor-size-default\"><a href=\"https:\/\/kollektivdesgutenwillens.com\/?page_id=587\">Julia Pitsch<\/a><\/h2>\t\t\t\t<\/div>\n\t\t\t\t<div class=\"elementor-element elementor-element-1bb6bcb elementor-widget elementor-widget-heading\" data-id=\"1bb6bcb\" data-element_type=\"widget\" data-widget_type=\"heading.default\">\n\t\t\t\t\t<h2 class=\"elementor-heading-title elementor-size-default\"><a href=\"https:\/\/kollektivdesgutenwillens.com\/?page_id=589\">Peter Maria Volkhardt<\/a><\/h2>\t\t\t\t<\/div>\n\t\t\t\t<div class=\"elementor-element elementor-element-92241be elementor-widget elementor-widget-heading\" data-id=\"92241be\" data-element_type=\"widget\" data-widget_type=\"heading.default\">\n\t\t\t\t\t<h2 class=\"elementor-heading-title elementor-size-default\"><a href=\"https:\/\/kollektivdesgutenwillens.com\/?page_id=591\">Max Wigger<\/a><\/h2>\t\t\t\t<\/div>\n\t\t\t\t<\/div>\n\t\t\t\t<\/div>\n\t\t\t\t\t<\/div>\n\t\t\t\t<\/div>\n\t\t\t\t<\/div>\n\t\t","protected":false},"excerpt":{"rendered":"<p>Lis Demiri Josephine D\u00fcrr Mareike Fiege Louise Lee Guther Kai G\u00f6tting Johannes H\u00f6lker Carla-Frieda Nettelnbreker Julia Pitsch Peter Maria Volkhardt Max Wigger<\/p>\n","protected":false},"author":1,"featured_media":0,"parent":0,"menu_order":0,"comment_status":"closed","ping_status":"closed","template":"","meta":{"footnotes":""},"class_list":["post-62","page","type-page","status-publish","hentry"],"_links":{"self":[{"href":"https:\/\/kollektivdesgutenwillens.com\/index.php?rest_route=\/wp\/v2\/pages\/62","targetHints":{"allow":["GET"]}}],"collection":[{"href":"https:\/\/kollektivdesgutenwillens.com\/index.php?rest_route=\/wp\/v2\/pages"}],"about":[{"href":"https:\/\/kollektivdesgutenwillens.com\/index.php?rest_route=\/wp\/v2\/types\/page"}],"author":[{"embeddable":true,"href":"https:\/\/kollektivdesgutenwillens.com\/index.php?rest_route=\/wp\/v2\/users\/1"}],"replies":[{"embeddable":true,"href":"https:\/\/kollektivdesgutenwillens.com\/index.php?rest_route=%2Fwp%2Fv2%2Fcomments&post=62"}],"version-history":[{"count":74,"href":"https:\/\/kollektivdesgutenwillens.com\/index.php?rest_route=\/wp\/v2\/pages\/62\/revisions"}],"predecessor-version":[{"id":732,"href":"https:\/\/kollektivdesgutenwillens.com\/index.php?rest_route=\/wp\/v2\/pages\/62\/revisions\/732"}],"wp:attachment":[{"href":"https:\/\/kollektivdesgutenwillens.com\/index.php?rest_route=%2Fwp%2Fv2%2Fmedia&parent=62"}],"curies":[{"name":"wp","href":"https:\/\/api.w.org\/{rel}","templated":true}]}}