{"id":757,"date":"2025-12-28T16:12:58","date_gmt":"2025-12-28T15:12:58","guid":{"rendered":"https:\/\/kollektivdesgutenwillens.com\/?page_id=757"},"modified":"2026-01-03T14:44:44","modified_gmt":"2026-01-03T13:44:44","slug":"bevorstehendes","status":"publish","type":"page","link":"https:\/\/kollektivdesgutenwillens.com\/?page_id=757","title":{"rendered":"Bevorstehendes"},"content":{"rendered":"\t\t<div data-elementor-type=\"wp-page\" data-elementor-id=\"757\" class=\"elementor elementor-757\" data-elementor-post-type=\"page\">\n\t\t\t\t<div class=\"elementor-element elementor-element-e7f1fab e-con-full e-flex e-con e-parent\" data-id=\"e7f1fab\" data-element_type=\"container\">\n\t\t\t\t<div class=\"elementor-element elementor-element-68b7c10 elementor-widget elementor-widget-image\" data-id=\"68b7c10\" data-element_type=\"widget\" data-widget_type=\"image.default\">\n\t\t\t\t\t\t\t\t\t\t\t\t\t\t\t<img fetchpriority=\"high\" decoding=\"async\" width=\"2048\" height=\"1480\" src=\"https:\/\/kollektivdesgutenwillens.com\/wp-content\/uploads\/2026\/01\/260103_Aufruhr500-Webbanner-Layout-v1-2048x1480.jpg\" class=\"attachment-2048x2048 size-2048x2048 wp-image-773\" alt=\"\" srcset=\"https:\/\/kollektivdesgutenwillens.com\/wp-content\/uploads\/2026\/01\/260103_Aufruhr500-Webbanner-Layout-v1-2048x1480.jpg 2048w, https:\/\/kollektivdesgutenwillens.com\/wp-content\/uploads\/2026\/01\/260103_Aufruhr500-Webbanner-Layout-v1-300x217.jpg 300w, https:\/\/kollektivdesgutenwillens.com\/wp-content\/uploads\/2026\/01\/260103_Aufruhr500-Webbanner-Layout-v1-1024x740.jpg 1024w, https:\/\/kollektivdesgutenwillens.com\/wp-content\/uploads\/2026\/01\/260103_Aufruhr500-Webbanner-Layout-v1-768x555.jpg 768w, https:\/\/kollektivdesgutenwillens.com\/wp-content\/uploads\/2026\/01\/260103_Aufruhr500-Webbanner-Layout-v1-1536x1110.jpg 1536w\" sizes=\"(max-width: 2048px) 100vw, 2048px\" \/>\t\t\t\t\t\t\t\t\t\t\t\t\t\t\t<\/div>\n\t\t\t\t<div class=\"elementor-element elementor-element-d99f76b elementor-widget elementor-widget-text-editor\" data-id=\"d99f76b\" data-element_type=\"widget\" data-widget_type=\"text-editor.default\">\n\t\t\t\t\t\t\t\t\t<h2 dir=\"ltr\" style=\"line-height: 1; text-align: justify; margin-top: 0pt; margin-bottom: 0pt;\">\u00a0<\/h2><h2 dir=\"ltr\" style=\"color: #7a7a7a; font-family: Roboto, sans-serif; line-height: 1; margin-top: 0pt; margin-bottom: 0pt;\"><strong><span style=\"font-size: 11.5pt; font-family: Arial, sans-serif; color: #000000; font-variant-ligatures: normal; font-variant-alternates: normal; font-variant-numeric: normal; font-variant-east-asian: normal; font-variant-position: normal; vertical-align: baseline; white-space: pre-wrap;\">Ausstellungser\u00f6ffnung 18 Uhr <\/span><\/strong><\/h2><h2 dir=\"ltr\" style=\"color: #7a7a7a; font-family: Roboto, sans-serif; line-height: 1; margin-top: 0pt; margin-bottom: 0pt;\"><strong><span style=\"font-size: 11.5pt; font-family: Arial, sans-serif; color: #000000; font-variant-ligatures: normal; font-variant-alternates: normal; font-variant-numeric: normal; font-variant-east-asian: normal; font-variant-position: normal; vertical-align: baseline; white-space: pre-wrap;\">29. Januar 2026 Krameramtshaus M\u00fcnster<\/span><\/strong><\/h2><div>\u00a0<\/div><h2 dir=\"ltr\" style=\"line-height: 1; text-align: justify; margin-top: 0pt; margin-bottom: 0pt;\"><span style=\"font-size: 11.5pt; font-family: Arial, sans-serif; color: #000000; background-color: #ffffff; font-weight: 400; font-style: normal; font-variant-ligatures: normal; font-variant-caps: normal; font-variant-alternates: normal; font-variant-numeric: normal; font-variant-east-asian: normal; font-variant-position: normal; text-decoration: none; vertical-align: baseline; white-space: pre-wrap;\">Am 15. Mai 1525 erheben sich zehntausend B\u00e4uerinnen und Leibeigene im th\u00fcringischen Frankenhausen, um unter der Regenbogenflagge des Predigers Thomas M\u00fcntzer gegen Feudalherrschaft und Leibeigenschaft aufzubegehren.\u00a0<\/span><\/h2><p><b style=\"font-style: normal; font-variant-caps: normal; letter-spacing: normal; orphans: auto; text-align: start; text-indent: 0px; text-transform: none; white-space: normal; widows: auto; word-spacing: 0px; -webkit-text-stroke-width: 0px; text-decoration: none; caret-color: #000000; color: #000000; font-weight: normal;\">\u00a0<\/b><\/p><h2 dir=\"ltr\" style=\"line-height: 1; text-align: justify; margin-top: 0pt; margin-bottom: 0pt;\"><span style=\"font-size: 11.5pt; font-family: Arial, sans-serif; color: #000000; background-color: #ffffff; font-weight: 400; font-style: normal; font-variant-ligatures: normal; font-variant-caps: normal; font-variant-alternates: normal; font-variant-numeric: normal; font-variant-east-asian: normal; font-variant-position: normal; text-decoration: none; vertical-align: baseline; white-space: pre-wrap;\">500 Jahre sp\u00e4ter inszeniert das Kollektiv des guten Willens die Bauernschlacht am Fu\u00dfe des Panoramamuseums (der ehemaligen DDR-Gedenkst\u00e4tte \u201cfr\u00fchb\u00fcrgerliche Revolution in Mitteldeutschland\u201d) in Bad Frankenhausen neu. Gemeinsam mit Statist*innen und LARP-Gruppen aus der Region entsteht ein historisches Kaleidoskop sich \u00fcberlagernder Perspektiven auf eine 500-j\u00e4hrige Geschichte von Aufruhr, Medienkrieg und Geschichtsdarstellung.\u00a0<\/span><\/h2><p><span style=\"caret-color: #000000; color: #000000;\">\u00a0<\/span><\/p><h2 dir=\"ltr\" style=\"line-height: 1; text-align: justify; margin-top: 0pt; margin-bottom: 0pt;\"><span style=\"font-size: 11.5pt; font-family: Arial, sans-serif; color: #000000; background-color: #ffffff; font-weight: 400; font-style: normal; font-variant-ligatures: normal; font-variant-caps: normal; font-variant-alternates: normal; font-variant-numeric: normal; font-variant-east-asian: normal; font-variant-position: normal; text-decoration: none; vertical-align: baseline; white-space: pre-wrap;\">Aufruhr 500 ist eine prozessuale Arbeit, die sich fortlaufend ver\u00e4ndert und je nach Kontext weiterentwickelt. <\/span><\/h2>\t\t\t\t\t\t\t\t<\/div>\n\t\t\t\t<\/div>\n\t\t<div class=\"elementor-element elementor-element-db29e7c e-flex e-con-boxed e-con e-parent\" data-id=\"db29e7c\" data-element_type=\"container\">\n\t\t\t\t\t<div class=\"e-con-inner\">\n\t\t\t\t\t<\/div>\n\t\t\t\t<\/div>\n\t\t\t\t<\/div>\n\t\t","protected":false},"excerpt":{"rendered":"<p>\u00a0 Ausstellungser\u00f6ffnung 18 Uhr 29. Januar 2026 Krameramtshaus M\u00fcnster \u00a0 Am 15. Mai 1525 erheben sich zehntausend B\u00e4uerinnen und Leibeigene im th\u00fcringischen Frankenhausen, um unter der Regenbogenflagge des Predigers Thomas M\u00fcntzer gegen Feudalherrschaft und Leibeigenschaft aufzubegehren.\u00a0 \u00a0 500 Jahre sp\u00e4ter inszeniert das Kollektiv des guten Willens die Bauernschlacht am Fu\u00dfe des Panoramamuseums (der ehemaligen DDR-Gedenkst\u00e4tte [&hellip;]<\/p>\n","protected":false},"author":3,"featured_media":0,"parent":0,"menu_order":0,"comment_status":"closed","ping_status":"closed","template":"","meta":{"footnotes":""},"class_list":["post-757","page","type-page","status-publish","hentry"],"_links":{"self":[{"href":"https:\/\/kollektivdesgutenwillens.com\/index.php?rest_route=\/wp\/v2\/pages\/757","targetHints":{"allow":["GET"]}}],"collection":[{"href":"https:\/\/kollektivdesgutenwillens.com\/index.php?rest_route=\/wp\/v2\/pages"}],"about":[{"href":"https:\/\/kollektivdesgutenwillens.com\/index.php?rest_route=\/wp\/v2\/types\/page"}],"author":[{"embeddable":true,"href":"https:\/\/kollektivdesgutenwillens.com\/index.php?rest_route=\/wp\/v2\/users\/3"}],"replies":[{"embeddable":true,"href":"https:\/\/kollektivdesgutenwillens.com\/index.php?rest_route=%2Fwp%2Fv2%2Fcomments&post=757"}],"version-history":[{"count":16,"href":"https:\/\/kollektivdesgutenwillens.com\/index.php?rest_route=\/wp\/v2\/pages\/757\/revisions"}],"predecessor-version":[{"id":776,"href":"https:\/\/kollektivdesgutenwillens.com\/index.php?rest_route=\/wp\/v2\/pages\/757\/revisions\/776"}],"wp:attachment":[{"href":"https:\/\/kollektivdesgutenwillens.com\/index.php?rest_route=%2Fwp%2Fv2%2Fmedia&parent=757"}],"curies":[{"name":"wp","href":"https:\/\/api.w.org\/{rel}","templated":true}]}}